{"id":1370,"date":"2025-03-15T10:52:57","date_gmt":"2025-03-15T09:52:57","guid":{"rendered":"https:\/\/colours.pristup.net\/kempy\/"},"modified":"2025-04-01T10:56:00","modified_gmt":"2025-04-01T08:56:00","slug":"camps","status":"publish","type":"page","link":"https:\/\/colours.pristup.net\/en\/accommodation\/camps\/","title":{"rendered":"Camps"},"content":{"rendered":"<section class=\"base-section --none\">\n  <div class=\"base-section__container container-fluid\">\n        \n\n<header class=\"base-header d-flex flex-column gap-3 u-posr align-items-center justify-content-center   --color-primary\">\n\n      <div class=\"base-header__bg-img u-posa u-top-50-p u-left-50-p u-translate-middle w-100 h-100 u-z-index-negative\">\n      \n\n<div class=\"img u-posr overflow-hidden --cover    w-100\">\n  <picture>\n    \n    <img loading=\"lazy\" decoding=\"async\" src=\"\" data-src=\"https:\/\/colours.pristup.net\/wp-content\/uploads\/2025\/01\/coo_25_motiv_vycisteny_compressed_fullhd-3840x1560-c-center-scaled-1920x1012-c-center.jpg\" alt=\"Camps - Colours of Ostrava\" width=\"1920\" height=\"214\" draggable=\"false\" srcset=\"\" data-srcset=\"https:\/\/colours.pristup.net\/wp-content\/uploads\/2025\/01\/coo_25_motiv_vycisteny_compressed_fullhd-3840x1560-c-center-scaled-1920x1012-c-center.jpg 1x, https:\/\/colours.pristup.net\/wp-content\/uploads\/2025\/01\/coo_25_motiv_vycisteny_compressed_fullhd-3840x1560-c-center-scaled-3840x2024-c-center.jpg 2x\">\n  <\/picture>\n<\/div>\n    <\/div>\n  \n      <h1 class=\"base-heading mb-0 text-uppercase  u-h1  --decorated\">\n            Camps\n      <\/h1>\n  \n  \n  \n  \n\n<\/header>\n\n\n  \n      <\/div>\n<\/section>\n\n\n<section class=\"base-section --none\">\n  <div class=\"base-section__container container-fluid\">\n        \n<div class=\"g-posts\">\n      <div class=\"g-posts__cell\">\n      \n<a class=\"i-post d-flex flex-column h-100 --link\" href=\"https:\/\/colours.pristup.net\/kemp-u-slezskoostravskeho-hradu\/\" title=\"Camp at Silesian Ostrava Castle\">\n  <div class=\"i-post__image-col u-posr\">\n      <div class=\"i-post__image u-img-hover\">\n                  \n\n<div class=\"img u-posr overflow-hidden --cover --placeholder   h-100\">\n  <picture>\n    \n    <img loading=\"lazy\" decoding=\"async\" src=\"\" data-src=\"https:\/\/colours.pristup.net\/wp-content\/uploads\/2025\/03\/colours2024-07-18-kemp-hrad-foto_PETR-PIECHOWICZ_8621-1-640x480-c-center.jpg\" alt=\"Camps - Colours of Ostrava\" width=\"640\" height=\"480\" draggable=\"false\" srcset=\"\" data-srcset=\"https:\/\/colours.pristup.net\/wp-content\/uploads\/2025\/03\/colours2024-07-18-kemp-hrad-foto_PETR-PIECHOWICZ_8621-1-640x480-c-center.jpg 1x, https:\/\/colours.pristup.net\/wp-content\/uploads\/2025\/03\/colours2024-07-18-kemp-hrad-foto_PETR-PIECHOWICZ_8621-1-1280x960-c-center.jpg 2x\">\n  <\/picture>\n<\/div>\n              <\/div>\n\n    \n  <\/div>\n\n  <div class=\"i-post__content-col h-100\">\n    <div class=\"i-post__content d-flex flex-column h-100 px-2 pt-2 pb-3 u-fw-600 u-fz-lg text-uppercase\">\n      \n              <div class=\"i-post__heading\">\n          Camp at Silesian Ostrava Castle<br>\n        <\/div>\n      \n      \n      \n          <\/div>\n  <\/div>\n\n<\/a>\n    <\/div>\n      <div class=\"g-posts__cell\">\n      \n<a class=\"i-post d-flex flex-column h-100 --link\" href=\"https:\/\/colours.pristup.net\/chill-village\/\" title=\"Chill Village Camp\">\n  <div class=\"i-post__image-col u-posr\">\n      <div class=\"i-post__image u-img-hover\">\n                  \n\n<div class=\"img u-posr overflow-hidden --cover --placeholder   h-100\">\n  <picture>\n    \n    <img loading=\"lazy\" decoding=\"async\" src=\"\" data-src=\"https:\/\/colours.pristup.net\/wp-content\/uploads\/2025\/03\/colours2024-07-16-Fotky-stanu-foto_Eugene_Zhyvchik_5966-2-640x480-c-center.jpg\" alt=\"Camps - Colours of Ostrava\" width=\"640\" height=\"480\" draggable=\"false\" srcset=\"\" data-srcset=\"https:\/\/colours.pristup.net\/wp-content\/uploads\/2025\/03\/colours2024-07-16-Fotky-stanu-foto_Eugene_Zhyvchik_5966-2-640x480-c-center.jpg 1x, https:\/\/colours.pristup.net\/wp-content\/uploads\/2025\/03\/colours2024-07-16-Fotky-stanu-foto_Eugene_Zhyvchik_5966-2-1280x960-c-center.jpg 2x\">\n  <\/picture>\n<\/div>\n              <\/div>\n\n    \n  <\/div>\n\n  <div class=\"i-post__content-col h-100\">\n    <div class=\"i-post__content d-flex flex-column h-100 px-2 pt-2 pb-3 u-fw-600 u-fz-lg text-uppercase\">\n      \n              <div class=\"i-post__heading\">\n          Chill Village Camp\n        <\/div>\n      \n      \n      \n          <\/div>\n  <\/div>\n\n<\/a>\n    <\/div>\n      <div class=\"g-posts__cell\">\n      \n<a class=\"i-post d-flex flex-column h-100 --link\" href=\"https:\/\/colours.pristup.net\/tent-inn-village\/\" title=\"Tent Inn Camp\">\n  <div class=\"i-post__image-col u-posr\">\n      <div class=\"i-post__image u-img-hover\">\n                  \n\n<div class=\"img u-posr overflow-hidden --cover --placeholder   h-100\">\n  <picture>\n    \n    <img loading=\"lazy\" decoding=\"async\" src=\"\" data-src=\"https:\/\/colours.pristup.net\/wp-content\/uploads\/2025\/03\/colours2024-07-17-Kemp-tent-inn-foto_Michal_Augustini_3441-e1742065280683-640x480-c-center.jpg\" alt=\"Camps - Colours of Ostrava\" width=\"640\" height=\"480\" draggable=\"false\" srcset=\"\" data-srcset=\"https:\/\/colours.pristup.net\/wp-content\/uploads\/2025\/03\/colours2024-07-17-Kemp-tent-inn-foto_Michal_Augustini_3441-e1742065280683-640x480-c-center.jpg 1x, https:\/\/colours.pristup.net\/wp-content\/uploads\/2025\/03\/colours2024-07-17-Kemp-tent-inn-foto_Michal_Augustini_3441-e1742065280683-1280x960-c-center.jpg 2x\">\n  <\/picture>\n<\/div>\n              <\/div>\n\n    \n  <\/div>\n\n  <div class=\"i-post__content-col h-100\">\n    <div class=\"i-post__content d-flex flex-column h-100 px-2 pt-2 pb-3 u-fw-600 u-fz-lg text-uppercase\">\n      \n              <div class=\"i-post__heading\">\n          Tent Inn Camp\n        <\/div>\n      \n      \n      \n          <\/div>\n  <\/div>\n\n<\/a>\n    <\/div>\n  <\/div>\n\n\n  \n      <\/div>\n<\/section>\n\n\n<div class=\"\">\n  <a class=\"btn u-posr u-cursor-pointer u-border-none u-z-index-1 d-inline-flex gap-1 align-items-center justify-content-center flex-nowrap flex-shrink-0 user-select-none text-decoration-none text-uppercase --primary       --full-width w-100 w-100 w-1-auto\" href='https:\/\/www.colours.cz\/e-shop\/koupit-vstupenku-2025' target=\"_blank\">\n      <span class=\"btn__title text-center\">\n      Rezervace kemp\u016f\n    <\/span>\n  \n  <\/a>\n\n<\/div>\n\n\n<section class=\"base-section --none\">\n  <div class=\"base-section__container container-fluid\">\n        \n\n<div class=\"s-app-cta__content row u-bg-black u-posr\">\n  <div class=\"s-app-cta__img-col col-md-6 u-posr overflow-hidden h-100\">\n          \n\n<div class=\"img u-posr overflow-hidden --contain --placeholder --ratio-1-1  d-lg-none s-app-cta__img-mobile\">\n  <picture>\n    \n    <img loading=\"lazy\" decoding=\"async\" src=\"\" data-src=\"https:\/\/colours.pristup.net\/wp-content\/uploads\/2025\/01\/coo_app_mockup-756x756-c-center.jpg\" alt=\"Camps - Colours of Ostrava\" width=\"756\" height=\"756\" draggable=\"false\" srcset=\"\" data-srcset=\"https:\/\/colours.pristup.net\/wp-content\/uploads\/2025\/01\/coo_app_mockup-756x756-c-center.jpg 1x, https:\/\/colours.pristup.net\/wp-content\/uploads\/2025\/01\/coo_app_mockup-1512x1512-c-center.jpg 2x\">\n  <\/picture>\n<\/div>\n    \n          \n\n<div class=\"img u-posr overflow-hidden --contain --placeholder   d-none d-lg-block s-app-cta__img-desktop\">\n  <picture>\n    \n    <img loading=\"lazy\" decoding=\"async\" src=\"\" data-src=\"https:\/\/colours.pristup.net\/wp-content\/uploads\/2025\/01\/mockup-desktop-814x756-c-center.png\" alt=\"Camps - Colours of Ostrava\" width=\"814\" height=\"756\" draggable=\"false\" srcset=\"\" data-srcset=\"https:\/\/colours.pristup.net\/wp-content\/uploads\/2025\/01\/mockup-desktop-814x756-c-center.png 1x, https:\/\/colours.pristup.net\/wp-content\/uploads\/2025\/01\/mockup-desktop-1628x1512-c-center.png 2x\">\n  <\/picture>\n<\/div>\n      <\/div>\n\n  <div class=\"s-app-cta__content-col col-md-6 u-color-white d-flex flex-column align-items-center align-items-md-start justify-content-md-center pb-3 px-2 px-md-0 pe-md-3 py-md-5\">\n          <div class=\"s-app-cta__title u-fw-700 mb-2 text-uppercase text-center text-md-start\">\n        Colours app\n      <\/div>\n    \n          <div class=\"s-app-cta__text entry-content u-fz-lg text-center text-md-start\">\n        Download the official Colours of Ostrava 2025 mobile app to your smartphone and have all the festival news at your fingertips. Browse artists, build your own programme and navigate the festival with the interactive map.\n      <\/div>\n    \n          <div class=\"s-app-cta__buttons mt-5 d-flex gap-3\">\n                                          <a href=\"https:\/\/play.google.com\/store\/apps\/details?id=com.greencopper.coloursofostrava\" title=\"Google play store\" target=\"_blank\" class=\"d-block\">\n          \n                      \n\n<div class=\"img u-posr overflow-hidden --contain --placeholder\">\n  <picture>\n    \n    <img decoding=\"async\" src=\"\" data-src=\"https:\/\/colours.pristup.net\/wp-content\/uploads\/2025\/01\/google-play-button-0x48-c-center.png\" alt=\"Camps - Colours of Ostrava\" height=\"48\" draggable=\"false\" srcset=\"\" data-srcset=\"https:\/\/colours.pristup.net\/wp-content\/uploads\/2025\/01\/google-play-button-0x48-c-center.png 1x, https:\/\/colours.pristup.net\/wp-content\/uploads\/2025\/01\/google-play-button-0x96-c-center.png 2x\">\n  <\/picture>\n<\/div>\n          \n                      <\/a>\n                                                    <a href=\"https:\/\/apps.apple.com\/be\/app\/colours-of-ostrava\/id1394787924\" title=\"App store\" target=\"_blank\" class=\"d-block\">\n          \n                      \n\n<div class=\"img u-posr overflow-hidden --contain --placeholder\">\n  <picture>\n    \n    <img decoding=\"async\" src=\"\" data-src=\"https:\/\/colours.pristup.net\/wp-content\/uploads\/2025\/01\/app-store-button-0x48-c-center.png\" alt=\"Camps - Colours of Ostrava\" height=\"48\" draggable=\"false\" srcset=\"\" data-srcset=\"https:\/\/colours.pristup.net\/wp-content\/uploads\/2025\/01\/app-store-button-0x48-c-center.png 1x, https:\/\/colours.pristup.net\/wp-content\/uploads\/2025\/01\/app-store-button-0x96-c-center.png 2x\">\n  <\/picture>\n<\/div>\n          \n                      <\/a>\n                        <\/div>\n    \n\n\n  <\/div>\n<\/div>\n\n\n  \n      <\/div>\n<\/section>\n","protected":false},"excerpt":{"rendered":"","protected":false},"author":5,"featured_media":0,"parent":1309,"menu_order":0,"comment_status":"closed","ping_status":"closed","template":"","meta":{"footnotes":""},"class_list":["post-1370","page","type-page","status-publish","hentry"],"yoast_head":"<!-- This site is optimized with the Yoast SEO plugin v24.2 - https:\/\/yoast.com\/wordpress\/plugins\/seo\/ -->\n<title>Camps - Colours of Ostrava<\/title>\n<meta name=\"description\" content=\"Rezervujte si sv\u00e9 m\u00edsto v kempu na festivalu Colours of Ostrava. Na v\u00fdb\u011br je kemp u Slezskoostravsk\u00e9ho hradu, Chill village, Tent Inn Village\" \/>\n<meta name=\"robots\" content=\"noindex, follow, max-snippet:-1, max-image-preview:large, max-video-preview:-1\" \/>\n<meta property=\"og:locale\" content=\"en_US\" \/>\n<meta property=\"og:type\" content=\"article\" \/>\n<meta property=\"og:title\" content=\"Camps - Colours of Ostrava\" \/>\n<meta property=\"og:description\" content=\"Rezervujte si sv\u00e9 m\u00edsto v kempu na festivalu Colours of Ostrava. Na v\u00fdb\u011br je kemp u Slezskoostravsk\u00e9ho hradu, Chill village, Tent Inn Village\" \/>\n<meta property=\"og:url\" content=\"https:\/\/colours.pristup.net\/en\/accommodation\/camps\/\" \/>\n<meta property=\"og:site_name\" content=\"Colours of Ostrava\" \/>\n<meta property=\"article:modified_time\" content=\"2025-04-01T08:56:00+00:00\" \/>\n<meta name=\"twitter:card\" content=\"summary_large_image\" \/>\n<!-- \/ Yoast SEO plugin. -->","yoast_head_json":{"title":"Camps - Colours of Ostrava","description":"Rezervujte si sv\u00e9 m\u00edsto v kempu na festivalu Colours of Ostrava. Na v\u00fdb\u011br je kemp u Slezskoostravsk\u00e9ho hradu, Chill village, Tent Inn Village","robots":{"index":"noindex","follow":"follow","max-snippet":"max-snippet:-1","max-image-preview":"max-image-preview:large","max-video-preview":"max-video-preview:-1"},"og_locale":"en_US","og_type":"article","og_title":"Camps - Colours of Ostrava","og_description":"Rezervujte si sv\u00e9 m\u00edsto v kempu na festivalu Colours of Ostrava. Na v\u00fdb\u011br je kemp u Slezskoostravsk\u00e9ho hradu, Chill village, Tent Inn Village","og_url":"https:\/\/colours.pristup.net\/en\/accommodation\/camps\/","og_site_name":"Colours of Ostrava","article_modified_time":"2025-04-01T08:56:00+00:00","twitter_card":"summary_large_image","schema":{"@context":"https:\/\/schema.org","@graph":[{"@type":"WebPage","@id":"https:\/\/colours.pristup.net\/en\/accommodation\/camps\/","url":"https:\/\/colours.pristup.net\/en\/accommodation\/camps\/","name":"Camps - Colours of Ostrava","isPartOf":{"@id":"https:\/\/colours.pristup.net\/en\/#website"},"datePublished":"2025-03-15T09:52:57+00:00","dateModified":"2025-04-01T08:56:00+00:00","description":"Rezervujte si sv\u00e9 m\u00edsto v kempu na festivalu Colours of Ostrava. Na v\u00fdb\u011br je kemp u Slezskoostravsk\u00e9ho hradu, Chill village, Tent Inn Village","breadcrumb":{"@id":"https:\/\/colours.pristup.net\/en\/accommodation\/camps\/#breadcrumb"},"inLanguage":"en-US","potentialAction":[{"@type":"ReadAction","target":["https:\/\/colours.pristup.net\/en\/accommodation\/camps\/"]}]},{"@type":"BreadcrumbList","@id":"https:\/\/colours.pristup.net\/en\/accommodation\/camps\/#breadcrumb","itemListElement":[{"@type":"ListItem","position":1,"name":"Dom\u016f","item":"https:\/\/colours.pristup.net\/en\/"},{"@type":"ListItem","position":2,"name":"Accommodation","item":"https:\/\/colours.pristup.net\/en\/accommodation\/"},{"@type":"ListItem","position":3,"name":"Camps"}]},{"@type":"WebSite","@id":"https:\/\/colours.pristup.net\/en\/#website","url":"https:\/\/colours.pristup.net\/en\/","name":"Colours of Ostrava","description":"","potentialAction":[{"@type":"SearchAction","target":{"@type":"EntryPoint","urlTemplate":"https:\/\/colours.pristup.net\/en\/?s={search_term_string}"},"query-input":{"@type":"PropertyValueSpecification","valueRequired":true,"valueName":"search_term_string"}}],"inLanguage":"en-US"}]}},"_links":{"self":[{"href":"https:\/\/colours.pristup.net\/en\/wp-json\/wp\/v2\/pages\/1370","targetHints":{"allow":["GET"]}}],"collection":[{"href":"https:\/\/colours.pristup.net\/en\/wp-json\/wp\/v2\/pages"}],"about":[{"href":"https:\/\/colours.pristup.net\/en\/wp-json\/wp\/v2\/types\/page"}],"author":[{"embeddable":true,"href":"https:\/\/colours.pristup.net\/en\/wp-json\/wp\/v2\/users\/5"}],"replies":[{"embeddable":true,"href":"https:\/\/colours.pristup.net\/en\/wp-json\/wp\/v2\/comments?post=1370"}],"version-history":[{"count":5,"href":"https:\/\/colours.pristup.net\/en\/wp-json\/wp\/v2\/pages\/1370\/revisions"}],"predecessor-version":[{"id":3429,"href":"https:\/\/colours.pristup.net\/en\/wp-json\/wp\/v2\/pages\/1370\/revisions\/3429"}],"up":[{"embeddable":true,"href":"https:\/\/colours.pristup.net\/en\/wp-json\/wp\/v2\/pages\/1309"}],"wp:attachment":[{"href":"https:\/\/colours.pristup.net\/en\/wp-json\/wp\/v2\/media?parent=1370"}],"curies":[{"name":"wp","href":"https:\/\/api.w.org\/{rel}","templated":true}]}}