{"id":1375,"date":"2025-03-14T21:39:17","date_gmt":"2025-03-14T20:39:17","guid":{"rendered":"https:\/\/colours.pristup.net\/na-colours-bez-cekani\/"},"modified":"2025-03-27T09:48:22","modified_gmt":"2025-03-27T08:48:22","slug":"getting-your-wristband","status":"publish","type":"page","link":"https:\/\/colours.pristup.net\/en\/about-festival\/general-information\/getting-your-wristband\/","title":{"rendered":"Colours Without Waiting"},"content":{"rendered":"<section class=\"base-section --none\">\n  <div class=\"base-section__container container-fluid\">\n        \n\n<header class=\"base-header d-flex flex-column gap-3 u-posr align-items-center justify-content-center   --color-primary\">\n\n      <div class=\"base-header__bg-img u-posa u-top-50-p u-left-50-p u-translate-middle w-100 h-100 u-z-index-negative\">\n      \n\n<div class=\"img u-posr overflow-hidden --cover    w-100\">\n  <picture>\n    \n    <img loading=\"lazy\" decoding=\"async\" src=\"\" data-src=\"https:\/\/colours.pristup.net\/wp-content\/themes\/coloursofostrava\/images\/content\/base-header\/coo_26_motiv_vycisteny_compressed_fullhd.jpg\" alt=\"Colours Without Waiting - Colours of Ostrava\" width=\"1920\" height=\"214\" sizes=\"auto, (max-width: 480px) 480px, (max-width: 768px) 768px, (max-width: 1024px) 1024px, 1920px\" draggable=\"false\" srcset=\"\" data-srcset=\"https:\/\/colours.pristup.net\/wp-content\/themes\/coloursofostrava\/images\/content\/base-header\/coo_26_motiv_vycisteny_compressed-480.webp 480w, https:\/\/colours.pristup.net\/wp-content\/themes\/coloursofostrava\/images\/content\/base-header\/coo_26_motiv_vycisteny_compressed-960.webp 960w, https:\/\/colours.pristup.net\/wp-content\/themes\/coloursofostrava\/images\/content\/base-header\/coo_26_motiv_vycisteny_compressed-768.webp 768w, https:\/\/colours.pristup.net\/wp-content\/themes\/coloursofostrava\/images\/content\/base-header\/coo_26_motiv_vycisteny_compressed-1536.webp 1536w, https:\/\/colours.pristup.net\/wp-content\/themes\/coloursofostrava\/images\/content\/base-header\/coo_26_motiv_vycisteny_compressed-1024.webp 1024w, https:\/\/colours.pristup.net\/wp-content\/themes\/coloursofostrava\/images\/content\/base-header\/coo_26_motiv_vycisteny_compressed-2048.webp 2048w, https:\/\/colours.pristup.net\/wp-content\/themes\/coloursofostrava\/images\/content\/base-header\/coo_26_motiv_vycisteny_compressed-1920.webp 1920w, https:\/\/colours.pristup.net\/wp-content\/themes\/coloursofostrava\/images\/content\/base-header\/coo_26_motiv_vycisteny_compressed-2560.webp 2560w\">\n  <\/picture>\n<\/div>\n    <\/div>\n  \n      <h1 class=\"base-heading mb-0 text-uppercase  u-h1  --decorated\">\n            Colours Without Waiting\n      <\/h1>\n  \n  \n  \n  \n\n<\/header>\n\n\n  \n      <\/div>\n<\/section>\n\n\n<section class=\"base-section\">\n  <div class=\"base-section__container container-fluid\">\n        \n\n<div class=\"s-content_content row justify-content-center px-2 px-md-5\">\n  <div class=\"col-12\">\n\n    <div class=\"entry-content\">\n\n<p><strong><strong>Information about Colours Without Waiting will be updated in the spring of 2025.<\/strong><\/strong><\/p>\n\n\n\n<p><\/p>\n\n\n\n<p><strong>Take the opportunity to exchange your ticket for a wristband in advance. This will save you time when you first enter the festival. Exchange of the festival wristband is only possible in person.<\/strong><\/p>\n\n\n\n<p><\/p>\n\n\n\n<p><strong>Ostrava:<\/strong><br>Opposite the main railway station &#8211; exchange of tickets for a festival wristband, accreditation of guests and VIP guests:<br>Monday 15. 7. 2024, 2.00 pm \u2013 8.00 pm&nbsp;<br>Tuesday 16. 7. 2024, 2.00 pm \u2013 8.00 pm&nbsp;<br>Wednesday 17. 7. 2024, 9.00 am \u2013 6.00 pm<\/p>\n\n\n\n<p><a href=\"https:\/\/www.luxor.cz\/pobocky\/detail\/60\/knihkupectvi-luxor-nova-karolina\" target=\"_blank\" rel=\"noreferrer noopener\">LUXOR OC F\u00f3rum Nov\u00e1 Karolina<\/a>, Jantarov\u00e1 3344\/4, Ostrava<br>Monday 15. 7. 2024, 2.00 pm \u2013 8.00 pm&nbsp;<br>Tuesday 16. 7. 2024, 2.00 pm \u2013 8.00 pm&nbsp;<br>Wednesday 17. 7. 2024, 12.00 pm \u2013 and throughout the opening hours<\/p>\n\n\n\n<p><strong>Tickets can also be exchanged for a wristband at the Slezskoostravsky hrad campsite.<\/strong><\/p>\n\n\n\n<p><strong>Praha:<\/strong><\/p>\n\n\n\n<p><a href=\"https:\/\/www.luxor.cz\/pobocky\/detail\/47\/knihkupectvi-luxor-hlavni-nadrazi\">Bookstore Luxor Hlavn\u00ed n\u00e1dra\u017e\u00ed \/ Main railwaystation<\/a>&nbsp;&#8211; Wilsonova 8, 121 06 Praha 2<br>Monday 15. 7. 2024, 2.00 pm \u2013 8.00 pm<br>Tuesday 16. 7. 2024, 2.00 pm \u2013 8.00 pm<br>Wednesday 17. 7. 2024, 9.00 am &#8211; 3.00 pm<\/p>\n\n\n\n<p><strong>Brno:<\/strong><\/p>\n\n\n\n<p><a href=\"https:\/\/www.luxor.cz\/pobocky\/detail\/24\/knihkupectvi-luxor-nc-kralovo-pole\">Bookstore Luxor&nbsp;NC Kr\u00e1lovo Pole<\/a>&nbsp;&nbsp;&#8211; Cimburkova 4, Brno<br>Monday 15. 7. 2024, 2.00 pm \u2013 8.00 pm<br>Tuesday 16. 7. 2024, 2.00 pm \u2013 8.00 pm<br>Wednesday 17. 7. 2024, 9.00 am &#8211; 3.00 pm<\/p>\n\n<\/div>\n\n  <\/div>\n<\/div>\n\n\n  \n      <\/div>\n<\/section>\n","protected":false},"excerpt":{"rendered":"","protected":false},"author":5,"featured_media":0,"parent":1364,"menu_order":0,"comment_status":"closed","ping_status":"closed","template":"","meta":{"footnotes":""},"class_list":["post-1375","page","type-page","status-publish","hentry"],"yoast_head":"<!-- This site is optimized with the Yoast SEO plugin v24.2 - https:\/\/yoast.com\/wordpress\/plugins\/seo\/ -->\n<title>Colours Without Waiting - Colours of Ostrava<\/title>\n<meta name=\"robots\" content=\"noindex, follow, max-snippet:-1, max-image-preview:large, max-video-preview:-1\" \/>\n<meta property=\"og:locale\" content=\"en_US\" \/>\n<meta property=\"og:type\" content=\"article\" \/>\n<meta property=\"og:title\" content=\"Colours Without Waiting - Colours of Ostrava\" \/>\n<meta property=\"og:url\" content=\"https:\/\/colours.pristup.net\/en\/about-festival\/general-information\/getting-your-wristband\/\" \/>\n<meta property=\"og:site_name\" content=\"Colours of Ostrava\" \/>\n<meta property=\"article:modified_time\" content=\"2025-03-27T08:48:22+00:00\" \/>\n<meta name=\"twitter:card\" content=\"summary_large_image\" \/>\n<meta name=\"twitter:label1\" content=\"Est. reading time\" \/>\n\t<meta name=\"twitter:data1\" content=\"2 minutes\" \/>\n<!-- \/ Yoast SEO plugin. -->","yoast_head_json":{"title":"Colours Without Waiting - Colours of Ostrava","robots":{"index":"noindex","follow":"follow","max-snippet":"max-snippet:-1","max-image-preview":"max-image-preview:large","max-video-preview":"max-video-preview:-1"},"og_locale":"en_US","og_type":"article","og_title":"Colours Without Waiting - Colours of Ostrava","og_url":"https:\/\/colours.pristup.net\/en\/about-festival\/general-information\/getting-your-wristband\/","og_site_name":"Colours of Ostrava","article_modified_time":"2025-03-27T08:48:22+00:00","twitter_card":"summary_large_image","twitter_misc":{"Est. reading time":"2 minutes"},"schema":{"@context":"https:\/\/schema.org","@graph":[{"@type":"WebPage","@id":"https:\/\/colours.pristup.net\/en\/about-festival\/general-information\/getting-your-wristband\/","url":"https:\/\/colours.pristup.net\/en\/about-festival\/general-information\/getting-your-wristband\/","name":"Colours Without Waiting - Colours of Ostrava","isPartOf":{"@id":"https:\/\/colours.pristup.net\/en\/#website"},"datePublished":"2025-03-14T20:39:17+00:00","dateModified":"2025-03-27T08:48:22+00:00","breadcrumb":{"@id":"https:\/\/colours.pristup.net\/en\/about-festival\/general-information\/getting-your-wristband\/#breadcrumb"},"inLanguage":"en-US","potentialAction":[{"@type":"ReadAction","target":["https:\/\/colours.pristup.net\/en\/about-festival\/general-information\/getting-your-wristband\/"]}]},{"@type":"BreadcrumbList","@id":"https:\/\/colours.pristup.net\/en\/about-festival\/general-information\/getting-your-wristband\/#breadcrumb","itemListElement":[{"@type":"ListItem","position":1,"name":"Dom\u016f","item":"https:\/\/colours.pristup.net\/en\/"},{"@type":"ListItem","position":2,"name":"Colours Without Waiting"}]},{"@type":"WebSite","@id":"https:\/\/colours.pristup.net\/en\/#website","url":"https:\/\/colours.pristup.net\/en\/","name":"Colours of Ostrava","description":"","potentialAction":[{"@type":"SearchAction","target":{"@type":"EntryPoint","urlTemplate":"https:\/\/colours.pristup.net\/en\/?s={search_term_string}"},"query-input":{"@type":"PropertyValueSpecification","valueRequired":true,"valueName":"search_term_string"}}],"inLanguage":"en-US"}]}},"_links":{"self":[{"href":"https:\/\/colours.pristup.net\/en\/wp-json\/wp\/v2\/pages\/1375","targetHints":{"allow":["GET"]}}],"collection":[{"href":"https:\/\/colours.pristup.net\/en\/wp-json\/wp\/v2\/pages"}],"about":[{"href":"https:\/\/colours.pristup.net\/en\/wp-json\/wp\/v2\/types\/page"}],"author":[{"embeddable":true,"href":"https:\/\/colours.pristup.net\/en\/wp-json\/wp\/v2\/users\/5"}],"replies":[{"embeddable":true,"href":"https:\/\/colours.pristup.net\/en\/wp-json\/wp\/v2\/comments?post=1375"}],"version-history":[{"count":3,"href":"https:\/\/colours.pristup.net\/en\/wp-json\/wp\/v2\/pages\/1375\/revisions"}],"predecessor-version":[{"id":2417,"href":"https:\/\/colours.pristup.net\/en\/wp-json\/wp\/v2\/pages\/1375\/revisions\/2417"}],"up":[{"embeddable":true,"href":"https:\/\/colours.pristup.net\/en\/wp-json\/wp\/v2\/pages\/1364"}],"wp:attachment":[{"href":"https:\/\/colours.pristup.net\/en\/wp-json\/wp\/v2\/media?parent=1375"}],"curies":[{"name":"wp","href":"https:\/\/api.w.org\/{rel}","templated":true}]}}