{"id":1383,"date":"2025-03-17T19:46:33","date_gmt":"2025-03-17T18:46:33","guid":{"rendered":"https:\/\/colours.pristup.net\/hotely\/"},"modified":"2025-03-26T14:25:06","modified_gmt":"2025-03-26T13:25:06","slug":"hotels","status":"publish","type":"page","link":"https:\/\/colours.pristup.net\/en\/accommodation\/hotels\/","title":{"rendered":"Hotels"},"content":{"rendered":"<section class=\"base-section --none\">\n  <div class=\"base-section__container container-fluid\">\n        \n\n<header class=\"base-header d-flex flex-column gap-3 u-posr align-items-center justify-content-center   --color-primary\">\n\n      <div class=\"base-header__bg-img u-posa u-top-50-p u-left-50-p u-translate-middle w-100 h-100 u-z-index-negative\">\n      \n\n<div class=\"img u-posr overflow-hidden --cover    w-100\">\n  <picture>\n    \n    <img loading=\"lazy\" decoding=\"async\" src=\"\" data-src=\"https:\/\/colours.pristup.net\/wp-content\/uploads\/2025\/01\/coo_25_motiv_vycisteny_compressed_fullhd-3840x1560-c-center-scaled-1920x1012-c-center.jpg\" alt=\"Hotels - Colours of Ostrava\" width=\"1920\" height=\"214\" draggable=\"false\" srcset=\"\" data-srcset=\"https:\/\/colours.pristup.net\/wp-content\/uploads\/2025\/01\/coo_25_motiv_vycisteny_compressed_fullhd-3840x1560-c-center-scaled-1920x1012-c-center.jpg 1x, https:\/\/colours.pristup.net\/wp-content\/uploads\/2025\/01\/coo_25_motiv_vycisteny_compressed_fullhd-3840x1560-c-center-scaled-3840x2024-c-center.jpg 2x\">\n  <\/picture>\n<\/div>\n    <\/div>\n  \n      <h1 class=\"base-heading mb-0 text-uppercase  u-h1  --decorated\">\n            Hotels\n      <\/h1>\n  \n  \n  \n  \n\n<\/header>\n\n\n  \n      <\/div>\n<\/section>\n\n\n<section class=\"base-section --none\">\n  <div class=\"base-section__container container-fluid\">\n        \n\n<div class=\"s-content_content row justify-content-center px-2 px-md-5\">\n  <div class=\"col-12\">\n\n    <div class=\"entry-content\">\n\n<p><br>Do you prefer to stay in a <strong>hotel or guesthouse<\/strong> during the festival? Then you might find the list we&#8217;ve compiled to make your search easier.<br><\/p>\n\n<\/div>\n\n  <\/div>\n<\/div>\n\n\n  \n      <\/div>\n<\/section>\n\n\n<section class=\"base-section --none\">\n  <div class=\"base-section__container container-fluid\">\n        \n\n<div class=\"s-content_content row justify-content-center px-2 px-md-5\">\n  <div class=\"col-12\">\n\n    <div class=\"entry-content\">\n\n<figure class=\"wp-block-table\"><div class=\"table-responsive\"><table class=\"has-fixed-layout\"><tbody><tr><td>1<\/td><td><a href=\"http:\/\/www.clarioncongresshotelostrava.cz\/\" target=\"_blank\" rel=\"noreferrer noopener\">Clarion Congress Hotel Ostrava****<\/a><\/td><td>Zkr\u00e1cen\u00e1 2703\/84<\/td><td>+420 596 702 111<\/td><td><a href=\"http:\/\/www.clarioncongresshotelostrava.cz\/\" target=\"_blank\" rel=\"noreferrer noopener\"><\/a><\/td><\/tr><tr><td>2<\/td><td><a href=\"http:\/\/www.dkakord.cz\/hotel\/\" target=\"_blank\" rel=\"noreferrer noopener\">Hotel Akord***<\/a><\/td><td>N\u00e1m\u011bst\u00ed SNP 1<\/td><td>+420 596 762 511<\/td><td><a href=\"http:\/\/www.dkakord.cz\/hotel\/\" target=\"_blank\" rel=\"noreferrer noopener\"><\/a><\/td><\/tr><tr><td>3<\/td><td><a href=\"http:\/\/www.hotelbest.cz\/\" target=\"_blank\" rel=\"noreferrer noopener\">Hotel Best***<\/a><\/td><td>Kelti\u010dkova 60<\/td><td>+420 777 177 842, +420 603 848 115<\/td><td><a href=\"http:\/\/www.hotelbest.cz\/\" target=\"_blank\" rel=\"noreferrer noopener\"><\/a><\/td><\/tr><tr><td>4<\/td><td><a href=\"http:\/\/www.hotelbrioni.cz\/\" target=\"_blank\" rel=\"noreferrer noopener\">Hotel Brioni****<\/a><\/td><td>Stodoln\u00ed 8<\/td><td>+420 599 500 000<\/td><td><a href=\"http:\/\/www.hotelbrioni.cz\/\" target=\"_blank\" rel=\"noreferrer noopener\"><\/a><\/td><\/tr><tr><td>5<\/td><td><a href=\"http:\/\/www.garnihotel.cz\/\" target=\"_blank\" rel=\"noreferrer noopener\">Hotel Garni***<\/a><\/td><td>Na Bun\u010d\u00e1ku 2<\/td><td>+420 605 261 469<\/td><td><a href=\"http:\/\/www.garnihotel.cz\/\" target=\"_blank\" rel=\"noreferrer noopener\"><\/a><\/td><\/tr><tr><td>6<\/td><td><a href=\"http:\/\/www.hotel-isora.com\/\" target=\"_blank\" rel=\"noreferrer noopener\">Hotel Isora***<\/a><\/td><td>Anto\u0161ovick\u00e1 11<\/td><td>+420 596 239 502<\/td><td><a href=\"http:\/\/www.hotel-isora.com\/\" target=\"_blank\" rel=\"noreferrer noopener\"><\/a><\/td><\/tr><tr><td>7<\/td><td><a href=\"http:\/\/www.jan-maria.cz\/\" target=\"_blank\" rel=\"noreferrer noopener\">Hotel Jan Maria****<\/a><\/td><td>Sl\u00edvova 1946\/7<\/td><td>+420 739 455 744<\/td><td><a href=\"http:\/\/www.jan-maria.cz\/\" target=\"_blank\" rel=\"noreferrer noopener\"><\/a><\/td><\/tr><tr><td>8<\/td><td><a href=\"http:\/\/www.hotel-maria.cz\/\" target=\"_blank\" rel=\"noreferrer noopener\">Hotel Maria***<\/a><\/td><td>P\u0159\u00edvozsk\u00e1 23<\/td><td>+420 596 110 676<\/td><td><a href=\"http:\/\/www.hotel-maria.cz\/\" target=\"_blank\" rel=\"noreferrer noopener\"><\/a><\/td><\/tr><tr><td>9<\/td><td><a href=\"http:\/\/www.hotelmax-ostrava.com\/\" target=\"_blank\" rel=\"noreferrer noopener\">Hotel Max***<\/a><\/td><td>N\u00e1dra\u017en\u00ed 186<\/td><td>+420 595 136 790<\/td><td><a href=\"http:\/\/www.hotelmax-ostrava.com\/\" target=\"_blank\" rel=\"noreferrer noopener\"><\/a><\/td><\/tr><tr><td>10<\/td><td><a href=\"http:\/\/www.all.accor.com\/hotel\/7051\/index.en.shtml?utm_campaign=seo+maps&amp;utm_medium=seo+maps&amp;utm_source=google+Maps\" target=\"_blank\" rel=\"noreferrer noopener\">Hotel Mercure Ostrava Center****<\/a><\/td><td>\u010ceskobratrsk\u00e1 18\/1742<\/td><td>+420 595 606 600<\/td><td><a href=\"http:\/\/www.all.accor.com\/hotel\/7051\/index.en.shtml?utm_campaign=seo+maps&amp;utm_medium=seo+maps&amp;utm_source=google+Maps\" target=\"_blank\" rel=\"noreferrer noopener\"><\/a><\/td><\/tr><tr><td>11<\/td><td><a href=\"http:\/\/hotelnakafkove.cz\/\" target=\"_blank\" rel=\"noreferrer noopener\">Hotel Na Kafkov\u00e9***<\/a><\/td><td>Kafkova 1380\/15<\/td><td>+420 739 074 333<\/td><td><a href=\"http:\/\/hotelnakafkove.cz\/\" target=\"_blank\" rel=\"noreferrer noopener\"><\/a><\/td><\/tr><tr><td>12<\/td><td><a href=\"http:\/\/www.hotelnikolas.cz\/\" target=\"_blank\" rel=\"noreferrer noopener\">Hotel Nikolas***<\/a><\/td><td>N\u00e1dra\u017en\u00ed 124<\/td><td>+420 596 134 000<\/td><td><a href=\"http:\/\/www.hotelnikolas.cz\/\" target=\"_blank\" rel=\"noreferrer noopener\"><\/a><\/td><\/tr><tr><td>13<\/td><td><a href=\"http:\/\/www.palac-elektra.cz\/\" target=\"_blank\" rel=\"noreferrer noopener\">Hotel Pal\u00e1c Elektra***<\/a><\/td><td>Um\u011bleck\u00e1 305\/1<\/td><td>+420 595 133 644<\/td><td><a href=\"http:\/\/www.palac-elektra.cz\/\" target=\"_blank\" rel=\"noreferrer noopener\"><\/a><\/td><\/tr><tr><td>14<\/td><td><a href=\"http:\/\/www.hotel-ostrava.eu\/\" target=\"_blank\" rel=\"noreferrer noopener\">Hotel Paradise***<\/a><\/td><td>28. \u0159\u00edjna 272<\/td><td>+420 728 034 711<\/td><td><a href=\"http:\/\/www.hotel-ostrava.eu\/\" target=\"_blank\" rel=\"noreferrer noopener\"><\/a><\/td><\/tr><tr><td>15<\/td><td><a href=\"http:\/\/qualityhotelostravacity.com\/en\/\" target=\"_blank\" rel=\"noreferrer noopener\">Quality Hotel Ostrava City****<\/a><\/td><td>Hornopoln\u00ed 3313\/42<\/td><td>+420 595 195 000<\/td><td><a href=\"http:\/\/qualityhotelostravacity.com\/en\/\" target=\"_blank\" rel=\"noreferrer noopener\"><\/a><\/td><\/tr><tr><td>16<\/td><td><a href=\"http:\/\/www.arena-vitkovice.cz\/hotel-puls\/\" target=\"_blank\" rel=\"noreferrer noopener\">Hotel Puls***<\/a><\/td><td>Rusk\u00e1 3077\/135<\/td><td>+420 596 790 611<\/td><td><a href=\"http:\/\/www.arena-vitkovice.cz\/hotel-puls\/\" target=\"_blank\" rel=\"noreferrer noopener\"><\/a><\/td><\/tr><tr><td>17<\/td><td><a href=\"http:\/\/hotelrubyblue.cz\/\" target=\"_blank\" rel=\"noreferrer noopener\">Hotel Ruby Blue****<\/a><\/td><td>Stodoln\u00ed 11<\/td><td>+420 555 444 239<\/td><td><a href=\"http:\/\/hotelrubyblue.cz\/\" target=\"_blank\" rel=\"noreferrer noopener\"><\/a><\/td><\/tr><tr><td>18<\/td><td><a href=\"http:\/\/www.hotelsportclub.cz\/\" target=\"_blank\" rel=\"noreferrer noopener\">Sareza Hotel***<\/a><\/td><td>\u010ckalovova 18<\/td><td>+420 596 977 314<\/td><td><a href=\"http:\/\/www.hotelsportclub.cz\/\" target=\"_blank\" rel=\"noreferrer noopener\"><\/a><\/td><\/tr><tr><td>19<\/td><td><a href=\"http:\/\/www.hotel-taurus.cz\/\" target=\"_blank\" rel=\"noreferrer noopener\">Hotel Taurus<\/a><\/td><td>T\u011b\u0161\u00ednsk\u00e1 260<\/td><td>+420 739 035 842<\/td><td><a href=\"http:\/\/www.hotel-taurus.cz\/\" target=\"_blank\" rel=\"noreferrer noopener\"><\/a><\/td><\/tr><tr><td>20<\/td><td><a href=\"http:\/\/www.trebovickymlyn.cz\/\" target=\"_blank\" rel=\"noreferrer noopener\">Hotel T\u0159ebovick\u00fd ml\u00fdn***<\/a><\/td><td>Na Helen\u011b 5004\/2<\/td><td>+420 733 739 168<\/td><td><a href=\"http:\/\/www.trebovickymlyn.cz\/\" target=\"_blank\" rel=\"noreferrer noopener\"><\/a><\/td><\/tr><tr><td>21<\/td><td><a href=\"http:\/\/www.hotelveronika.cz\/\" target=\"_blank\" rel=\"noreferrer noopener\">Hotel Veronika***<\/a><\/td><td>M\u00edrov\u00e9 n\u00e1m\u011bst\u00ed 3d\/519<\/td><td>+420 723 484 872<\/td><td><a href=\"http:\/\/www.hotelveronika.cz\/\" target=\"_blank\" rel=\"noreferrer noopener\"><\/a><\/td><\/tr><tr><td>22<\/td><td><a href=\"http:\/\/www.hotelvista.cz\/\" target=\"_blank\" rel=\"noreferrer noopener\">Best Western Hotel Vista***<\/a><\/td><td>Kpt. Vajdy 3046\/2<\/td><td>+420 733 665 220<\/td><td><a href=\"http:\/\/www.hotelvista.cz\/\" target=\"_blank\" rel=\"noreferrer noopener\"><\/a><\/td><\/tr><tr><td>23<\/td><td><a href=\"http:\/\/www.zamek-poruba.cz\/\" target=\"_blank\" rel=\"noreferrer noopener\">Hotel Z\u00e1mek Poruba****<\/a><\/td><td>N\u00e1b\u0159e\u017e\u00ed SPB 60<\/td><td>+420 601 226 100<\/td><td><a href=\"http:\/\/www.zamek-poruba.cz\/\" target=\"_blank\" rel=\"noreferrer noopener\"><\/a><\/td><\/tr><tr><td>24<\/td><td><a href=\"http:\/\/www.imperial.cz\/\" target=\"_blank\" rel=\"noreferrer noopener\">Imperial Hotel Ostrava****<\/a><\/td><td>Tyr\u0161ova 6<\/td><td>+420 599 099 099<\/td><td><a href=\"http:\/\/www.imperial.cz\/\" target=\"_blank\" rel=\"noreferrer noopener\"><\/a><\/td><\/tr><tr><td>25<\/td><td><a href=\"http:\/\/www.zamek-zabreh.cz\/\" target=\"_blank\" rel=\"noreferrer noopener\">Z\u00e1mek Z\u00e1b\u0159eh****<\/a><\/td><td>U Z\u00e1mku 42\/1<\/td><td>+420 777 808 299<\/td><td><a href=\"http:\/\/www.zamek-zabreh.cz\/\" target=\"_blank\" rel=\"noreferrer noopener\"><\/a><\/td><\/tr><tr><td>26<\/td><td><a href=\"http:\/\/www.mujpenzion.cz\/\" target=\"_blank\" rel=\"noreferrer noopener\">M\u016fj Penzion<\/a><\/td><td>V\u00fdletn\u00ed 1<\/td><td>+420 737 616 818<\/td><td><a href=\"http:\/\/www.mujpenzion.cz\/\" target=\"_blank\" rel=\"noreferrer noopener\"><\/a><\/td><\/tr><tr><td>27<\/td><td><a href=\"http:\/\/www.hoteldmh.cz\/\" target=\"_blank\" rel=\"noreferrer noopener\">Hotel Rada<\/a><\/td><td>V\u00fd\u0161kovick\u00e1 122<\/td><td>+420 777 995 458<\/td><td><a href=\"http:\/\/www.hoteldmh.cz\/\" target=\"_blank\" rel=\"noreferrer noopener\"><\/a><\/td><\/tr><tr><td>28<\/td><td><a href=\"http:\/\/www.yurahotel.cz\/\" target=\"_blank\" rel=\"noreferrer noopener\">YURA Hotel **** \u010celadn\u00e1<\/a><\/td><td>\u010celadn\u00e1 246, \u010celadn\u00e1, 739 12<\/td><td>+420 558 682 287<\/td><td><a href=\"http:\/\/www.yurahotel.cz\/\" target=\"_blank\" rel=\"noreferrer noopener\"><\/a><\/td><\/tr><tr><td>29<\/td><td><a href=\"http:\/\/www.liburniahotel.pl\/\" target=\"_blank\" rel=\"noreferrer noopener\">Hotel Liburnia<\/a><\/td><td>ul. Liburnia 10, 43-400 Cieszyn, Polsko<\/td><td>+48 33 852 05 31<\/td><td><a href=\"http:\/\/www.liburniahotel.pl\/\" target=\"_blank\" rel=\"noreferrer noopener\"><\/a><\/td><\/tr><tr><td>30<\/td><td><a href=\"http:\/\/beltinehotel.cz\/\" target=\"_blank\" rel=\"noreferrer noopener\">Beltine Forest Hotel****<\/a><\/td><td>Ostravice 0386, 739 14 Ostravice<\/td><td>+420 604 211 845<\/td><td><a href=\"http:\/\/beltinehotel.cz\/\" target=\"_blank\" rel=\"noreferrer noopener\"><\/a><\/td><\/tr><tr><td>31<\/td><td><a href=\"http:\/\/www.zamecek-petrovice.cz\/\" target=\"_blank\" rel=\"noreferrer noopener\">Z\u00e1me\u010dek Petrovice****<\/a><\/td><td>Prstn\u00e1 1, 735 72 Petrovice u Karvin\u00e9<\/td><td>+420 606 740 810<\/td><td><a href=\"http:\/\/www.zamecek-petrovice.cz\/\" target=\"_blank\" rel=\"noreferrer noopener\"><\/a><\/td><\/tr><tr><td>32<\/td><td><a href=\"https:\/\/www.troyer.cz\/\" target=\"_blank\" rel=\"noreferrer noopener\">Hotel Troyer****<\/a><\/td><td>Trojanovice 530, 744 01 Trojanovice<\/td><td>+420 556 802 007<\/td><td><a href=\"https:\/\/www.troyer.cz\/\" target=\"_blank\" rel=\"noreferrer noopener\"><\/a><\/td><\/tr><\/tbody><\/table><\/div><\/figure>\n\n\n\n<h2 class=\"wp-block-heading\">Hostels<\/h2>\n\n\n\n<figure class=\"wp-block-table\"><div class=\"table-responsive\"><table class=\"has-fixed-layout\"><tbody><tr><td>1<\/td><td><a href=\"http:\/\/www.tjostrava.cz\/ubytovani\" target=\"_blank\" rel=\"noreferrer noopener\">Sportovn\u00ed are\u00e1l TJ Mittal Ostrava<\/a><\/td><td>Varensk\u00e1 40a<\/td><td>+420 596 611 940<\/td><td><a href=\"http:\/\/www.tjostrava.cz\/ubytovani\" target=\"_blank\" rel=\"noreferrer noopener\"><\/a><\/td><\/tr><tr><td>2<\/td><td><a href=\"http:\/\/www.ubytovani-ostrava.info\/house-room-sro\/\" target=\"_blank\" rel=\"noreferrer noopener\">Ubytovna Martinov<\/a><\/td><td>Martinovsk\u00e1 3176\/3<\/td><td>+420 596 952 856<\/td><td><a href=\"http:\/\/www.ubytovani-ostrava.info\/house-room-sro\/\" target=\"_blank\" rel=\"noreferrer noopener\"><\/a><\/td><\/tr><tr><td>3<\/td><td><a href=\"http:\/\/www.ubytovnasalamoun.cz\/\" target=\"_blank\" rel=\"noreferrer noopener\">Ubytovna \u0160alamoun<\/a><\/td><td>Nedbalova 14<\/td><td>+420 731 505 312<\/td><td><a href=\"http:\/\/www.ubytovnasalamoun.cz\/\" target=\"_blank\" rel=\"noreferrer noopener\"><\/a><\/td><\/tr><tr><td>4<\/td><td><a href=\"http:\/\/www.ubytovnanerudova.cz\/\" target=\"_blank\" rel=\"noreferrer noopener\">Ubytovna Nerudova<\/a><\/td><td>Nerudova 23<\/td><td>+420 737 283 504<\/td><td><a href=\"http:\/\/www.ubytovnanerudova.cz\/\" target=\"_blank\" rel=\"noreferrer noopener\"><\/a><\/td><\/tr><\/tbody><\/table><\/div><\/figure>\n\n\n\n<h2 class=\"wp-block-heading\">Guesthouses<\/h2>\n\n\n\n<figure class=\"wp-block-table\"><div class=\"table-responsive\"><table class=\"has-fixed-layout\"><tbody><tr><td>1<\/td><td><a href=\"http:\/\/penzionlhotka.com\/\" target=\"_blank\" rel=\"noreferrer noopener\">Penzion Lhotka<\/a><\/td><td>Pet\u0159kovick\u00e1 125<\/td><td>+420 736 763 379<\/td><td><a href=\"http:\/\/penzionlhotka.com\/\" target=\"_blank\" rel=\"noreferrer noopener\"><\/a><\/td><\/tr><tr><td>2<\/td><td><a href=\"http:\/\/www.penzion-ov.cz\/\" target=\"_blank\" rel=\"noreferrer noopener\">Penzion AIDA<\/a><\/td><td>Pustkoveck\u00e1 4\/108<\/td><td>+420 725 613 304<\/td><td><a href=\"http:\/\/www.penzion-ov.cz\/\" target=\"_blank\" rel=\"noreferrer noopener\"><\/a><\/td><\/tr><tr><td>3<\/td><td><a href=\"http:\/\/www.penzionanet.cz\/\" target=\"_blank\" rel=\"noreferrer noopener\">Penzion Anet<\/a><\/td><td>U Rozvodny 428<\/td><td>+420 733 123 451<\/td><td><a href=\"http:\/\/www.penzionanet.cz\/\" target=\"_blank\" rel=\"noreferrer noopener\"><\/a><\/td><\/tr><tr><td>4<\/td><td><a href=\"http:\/\/www.dmz-penzion.cz\/\" target=\"_blank\" rel=\"noreferrer noopener\">Penzion D.M.Z.<\/a><\/td><td>Koll\u00e1rova 3<\/td><td>+420 739 352 029<\/td><td><a href=\"http:\/\/www.dmz-penzion.cz\/\" target=\"_blank\" rel=\"noreferrer noopener\"><\/a><\/td><\/tr><tr><td>5<\/td><td><a href=\"http:\/\/www.ubytovani-ostrava.com\/\" target=\"_blank\" rel=\"noreferrer noopener\">Penzion Exotic<\/a><\/td><td>P\u0159emyslovc\u016f 599\/31<\/td><td>+420 721 112 266<\/td><td><a href=\"http:\/\/www.ubytovani-ostrava.com\/\" target=\"_blank\" rel=\"noreferrer noopener\"><\/a><\/td><\/tr><tr><td>6<\/td><td><a href=\"http:\/\/www.penzionfermata.cz\/\" target=\"_blank\" rel=\"noreferrer noopener\">Penzion Fermata<\/a><\/td><td>Mich\u00e1lkovick\u00e1 155<\/td><td>+420 605 406 730<\/td><td><a href=\"http:\/\/www.penzionfermata.cz\/\" target=\"_blank\" rel=\"noreferrer noopener\"><\/a><\/td><\/tr><tr><td>7<\/td><td><a href=\"http:\/\/www.penzionmagda.eu\/\" target=\"_blank\" rel=\"noreferrer noopener\">Penzion Magda<\/a><\/td><td>Rrokycanova 24<\/td><td>+420 777 320 082<\/td><td><a href=\"http:\/\/www.penzionmagda.eu\/\" target=\"_blank\" rel=\"noreferrer noopener\"><\/a><\/td><\/tr><tr><td>8<\/td><td><a href=\"http:\/\/motylek-penzion.cz\/\" target=\"_blank\" rel=\"noreferrer noopener\">Penzion Mot\u00fdlek<\/a><\/td><td>V\u0159esov\u00e1 708<\/td><td>+420 556 425 128<\/td><td><a href=\"http:\/\/motylek-penzion.cz\/\" target=\"_blank\" rel=\"noreferrer noopener\"><\/a><\/td><\/tr><tr><td>9<\/td><td><a href=\"http:\/\/hotelnacihelni-ostrava.cz\/\" target=\"_blank\" rel=\"noreferrer noopener\">Penzion na Ciheln\u00ed<\/a><\/td><td>Tomkova 7<\/td><td>+420 737 888 855<\/td><td><a href=\"http:\/\/hotelnacihelni-ostrava.cz\/\" target=\"_blank\" rel=\"noreferrer noopener\"><\/a><\/td><\/tr><tr><td>10<\/td><td><a href=\"http:\/\/www.penzionvhajku.cz\/\" target=\"_blank\" rel=\"noreferrer noopener\">Penzion V H\u00e1jku<\/a><\/td><td>Klimkovick\u00e1 184<\/td><td>+420 731 908 338<\/td><td><a href=\"http:\/\/www.penzionvhajku.cz\/\" target=\"_blank\" rel=\"noreferrer noopener\"><\/a><\/td><\/tr><tr><td>11<\/td><td><a href=\"http:\/\/www.u-areny.cz\/\" target=\"_blank\" rel=\"noreferrer noopener\">Hostel U Ar\u00e9ny<\/a><\/td><td>U cement\u00e1rny 1337\/3<\/td><td>+420 775 762 044<\/td><td><a href=\"http:\/\/www.u-areny.cz\/\" target=\"_blank\" rel=\"noreferrer noopener\"><\/a><\/td><\/tr><tr><td>12<\/td><td><a href=\"http:\/\/www.relaxko.cz\/\" target=\"_blank\" rel=\"noreferrer noopener\">Relaxko, wellness penzion<\/a><\/td><td>Na Slezsku 315, 742 45 Fulnek<\/td><td>+420 721 388 455<\/td><td><a href=\"http:\/\/www.relaxko.cz\/\" target=\"_blank\" rel=\"noreferrer noopener\"><\/a><\/td><\/tr><\/tbody><\/table><\/div><\/figure>\n\n\n\n<h2 class=\"wp-block-heading\">Dormitories<\/h2>\n\n\n\n<figure class=\"wp-block-table\"><div class=\"table-responsive\"><table class=\"has-fixed-layout\"><tbody><tr><td>1<\/td><td><a href=\"http:\/\/www.vsb.cz\/ubytovani\/cs\/\" target=\"_blank\" rel=\"noreferrer noopener\">Koleje V\u0160B-TU Ostrava<\/a><\/td><td>Studentsk\u00e1 1770<\/td><td>+420 596 996 155<\/td><td><a href=\"http:\/\/www.vsb.cz\/ubytovani\/cs\/\" target=\"_blank\" rel=\"noreferrer noopener\"><\/a><\/td><\/tr><tr><td>2<\/td><td><a href=\"http:\/\/www.kampuspalace.cz\/\" target=\"_blank\" rel=\"noreferrer noopener\">Kampus Palace<\/a><\/td><td>Smetanovo n\u00e1m. 10, 702 00 Ostrava<\/td><td>+420 777 10 16 15<\/td><td><a href=\"http:\/\/www.kampuspalace.cz\/\" target=\"_blank\" rel=\"noreferrer noopener\"><\/a><\/td><\/tr><\/tbody><\/table><\/div><\/figure>\n\n\n\n<h2 class=\"wp-block-heading\">Hotel houses<\/h2>\n\n\n\n<figure class=\"wp-block-table\"><div class=\"table-responsive\"><table class=\"has-fixed-layout\"><tbody><tr><td>1<\/td><td><a href=\"http:\/\/www.hotelovydumareal.cz\/\" target=\"_blank\" rel=\"noreferrer noopener\">Jarena Centrum<\/a><\/td><td>Plze\u0148sk\u00e1 6<\/td><td>+420 734 405 125<\/td><td><a href=\"http:\/\/www.hotelovydumareal.cz\/\" target=\"_blank\" rel=\"noreferrer noopener\"><\/a><\/td><\/tr><tr><td>2<\/td><td><a href=\"http:\/\/www.elmontex.cz\/\" target=\"_blank\" rel=\"noreferrer noopener\">Hotelov\u00fd d\u016fm Elmontex<\/a><\/td><td>Edisonova 88<\/td><td>+420 596 780 778<\/td><\/tr><\/tbody><\/table><\/div><\/figure>\n\n<\/div>\n\n  <\/div>\n<\/div>\n\n\n  \n      <\/div>\n<\/section>\n","protected":false},"excerpt":{"rendered":"","protected":false},"author":5,"featured_media":0,"parent":1309,"menu_order":0,"comment_status":"closed","ping_status":"closed","template":"","meta":{"footnotes":""},"class_list":["post-1383","page","type-page","status-publish","hentry"],"yoast_head":"<!-- This site is optimized with the Yoast SEO plugin v24.2 - https:\/\/yoast.com\/wordpress\/plugins\/seo\/ -->\n<title>Hotels - Colours of Ostrava<\/title>\n<meta name=\"description\" content=\"Rezervujte si v\u010das sv\u00e9 ubytov\u00e1n\u00ed na Colours of Ostrava. Dali jsme dohromady seznam nejbli\u017e\u0161\u00edch hotel\u016f, penzion\u016f a ubytoven.\" \/>\n<meta name=\"robots\" content=\"noindex, follow, max-snippet:-1, max-image-preview:large, max-video-preview:-1\" \/>\n<meta property=\"og:locale\" content=\"en_US\" \/>\n<meta property=\"og:type\" content=\"article\" \/>\n<meta property=\"og:title\" content=\"Hotels - Colours of Ostrava\" \/>\n<meta property=\"og:description\" content=\"Rezervujte si v\u010das sv\u00e9 ubytov\u00e1n\u00ed na Colours of Ostrava. Dali jsme dohromady seznam nejbli\u017e\u0161\u00edch hotel\u016f, penzion\u016f a ubytoven.\" \/>\n<meta property=\"og:url\" content=\"https:\/\/colours.pristup.net\/en\/accommodation\/hotels\/\" \/>\n<meta property=\"og:site_name\" content=\"Colours of Ostrava\" \/>\n<meta property=\"article:modified_time\" content=\"2025-03-26T13:25:06+00:00\" \/>\n<meta name=\"twitter:card\" content=\"summary_large_image\" \/>\n<meta name=\"twitter:label1\" content=\"Est. reading time\" \/>\n\t<meta name=\"twitter:data1\" content=\"4 minutes\" \/>\n<!-- \/ Yoast SEO plugin. -->","yoast_head_json":{"title":"Hotels - Colours of Ostrava","description":"Rezervujte si v\u010das sv\u00e9 ubytov\u00e1n\u00ed na Colours of Ostrava. Dali jsme dohromady seznam nejbli\u017e\u0161\u00edch hotel\u016f, penzion\u016f a ubytoven.","robots":{"index":"noindex","follow":"follow","max-snippet":"max-snippet:-1","max-image-preview":"max-image-preview:large","max-video-preview":"max-video-preview:-1"},"og_locale":"en_US","og_type":"article","og_title":"Hotels - Colours of Ostrava","og_description":"Rezervujte si v\u010das sv\u00e9 ubytov\u00e1n\u00ed na Colours of Ostrava. Dali jsme dohromady seznam nejbli\u017e\u0161\u00edch hotel\u016f, penzion\u016f a ubytoven.","og_url":"https:\/\/colours.pristup.net\/en\/accommodation\/hotels\/","og_site_name":"Colours of Ostrava","article_modified_time":"2025-03-26T13:25:06+00:00","twitter_card":"summary_large_image","twitter_misc":{"Est. reading time":"4 minutes"},"schema":{"@context":"https:\/\/schema.org","@graph":[{"@type":"WebPage","@id":"https:\/\/colours.pristup.net\/en\/accommodation\/hotels\/","url":"https:\/\/colours.pristup.net\/en\/accommodation\/hotels\/","name":"Hotels - Colours of Ostrava","isPartOf":{"@id":"https:\/\/colours.pristup.net\/en\/#website"},"datePublished":"2025-03-17T18:46:33+00:00","dateModified":"2025-03-26T13:25:06+00:00","description":"Rezervujte si v\u010das sv\u00e9 ubytov\u00e1n\u00ed na Colours of Ostrava. Dali jsme dohromady seznam nejbli\u017e\u0161\u00edch hotel\u016f, penzion\u016f a ubytoven.","breadcrumb":{"@id":"https:\/\/colours.pristup.net\/en\/accommodation\/hotels\/#breadcrumb"},"inLanguage":"en-US","potentialAction":[{"@type":"ReadAction","target":["https:\/\/colours.pristup.net\/en\/accommodation\/hotels\/"]}]},{"@type":"BreadcrumbList","@id":"https:\/\/colours.pristup.net\/en\/accommodation\/hotels\/#breadcrumb","itemListElement":[{"@type":"ListItem","position":1,"name":"Dom\u016f","item":"https:\/\/colours.pristup.net\/en\/"},{"@type":"ListItem","position":2,"name":"Hotels"}]},{"@type":"WebSite","@id":"https:\/\/colours.pristup.net\/en\/#website","url":"https:\/\/colours.pristup.net\/en\/","name":"Colours of Ostrava","description":"","potentialAction":[{"@type":"SearchAction","target":{"@type":"EntryPoint","urlTemplate":"https:\/\/colours.pristup.net\/en\/?s={search_term_string}"},"query-input":{"@type":"PropertyValueSpecification","valueRequired":true,"valueName":"search_term_string"}}],"inLanguage":"en-US"}]}},"_links":{"self":[{"href":"https:\/\/colours.pristup.net\/en\/wp-json\/wp\/v2\/pages\/1383","targetHints":{"allow":["GET"]}}],"collection":[{"href":"https:\/\/colours.pristup.net\/en\/wp-json\/wp\/v2\/pages"}],"about":[{"href":"https:\/\/colours.pristup.net\/en\/wp-json\/wp\/v2\/types\/page"}],"author":[{"embeddable":true,"href":"https:\/\/colours.pristup.net\/en\/wp-json\/wp\/v2\/users\/5"}],"replies":[{"embeddable":true,"href":"https:\/\/colours.pristup.net\/en\/wp-json\/wp\/v2\/comments?post=1383"}],"version-history":[{"count":1,"href":"https:\/\/colours.pristup.net\/en\/wp-json\/wp\/v2\/pages\/1383\/revisions"}],"predecessor-version":[{"id":2048,"href":"https:\/\/colours.pristup.net\/en\/wp-json\/wp\/v2\/pages\/1383\/revisions\/2048"}],"up":[{"embeddable":true,"href":"https:\/\/colours.pristup.net\/en\/wp-json\/wp\/v2\/pages\/1309"}],"wp:attachment":[{"href":"https:\/\/colours.pristup.net\/en\/wp-json\/wp\/v2\/media?parent=1383"}],"curies":[{"name":"wp","href":"https:\/\/api.w.org\/{rel}","templated":true}]}}