{"id":1385,"date":"2025-02-17T12:29:01","date_gmt":"2025-02-17T11:29:01","guid":{"rendered":"https:\/\/colours.pristup.net\/textova-stranka\/"},"modified":"2025-02-17T12:29:01","modified_gmt":"2025-02-17T11:29:01","slug":"textova-stranka","status":"publish","type":"page","link":"https:\/\/colours.pristup.net\/en\/textova-stranka\/","title":{"rendered":"Textov\u00e1 str\u00e1nka"},"content":{"rendered":"<section class=\"base-section --top-0\">\n  <div class=\"base-section__container container-fluid\">\n        \n<div class=\"s-post-intro__wrapper u-posr mx-auto --has-img overflow-hidden\">\n  \n      \n\n<div class=\"img u-posr overflow-hidden --cover --placeholder   s-post-intro__image\">\n  <picture>\n          <source >    \n    <img loading=\"lazy\" decoding=\"async\" src=\"\" data-src=\"https:\/\/colours.pristup.net\/wp-content\/uploads\/2025\/02\/babybersek-1512x1134-c-center.jpg\" alt=\"Textov\u00e1 str\u00e1nka - Colours of Ostrava\" width=\"1512\" height=\"1134\" sizes=\"auto, (min-width: 1512px) 1920px, (min-width: 768px) 1512px, (min-width: 488px) 768px, (min-width: 375px) 488px, 100vw\" draggable=\"false\" srcset=\"\" data-srcset=\"https:\/\/colours.pristup.net\/wp-content\/uploads\/2025\/02\/babybersek-3024x2268-c-center.jpg 3024w, https:\/\/colours.pristup.net\/wp-content\/uploads\/2025\/02\/babybersek-1512x1134-c-center.jpg 1512w, https:\/\/colours.pristup.net\/wp-content\/uploads\/2025\/02\/babybersek-1500x1125-c-center.jpg 1500w, https:\/\/colours.pristup.net\/wp-content\/uploads\/2025\/02\/babybersek-976x732-c-center.jpg 976w, https:\/\/colours.pristup.net\/wp-content\/uploads\/2025\/02\/babybersek-768x576-c-center.jpg 768w, https:\/\/colours.pristup.net\/wp-content\/uploads\/2025\/02\/babybersek-750x563-c-center.jpg 750w, https:\/\/colours.pristup.net\/wp-content\/uploads\/2025\/02\/babybersek-488x366-c-center.jpg 488w, https:\/\/colours.pristup.net\/wp-content\/uploads\/2025\/02\/babybersek-375x281-c-center.jpg 375w\">\n  <\/picture>\n<\/div>\n  \n  <div class=\"s-post-intro__content u-posa h-100 w-100 u-z-index-1 u-translate-middle u-left-50-p u-top-50-p d-flex align-items-end\">\n      <\/div>\n<\/div>\n\n\n  \n      <\/div>\n<\/section>\n\n\n<section class=\"base-section --top-0\">\n  <div class=\"base-section__container container-fluid\">\n        \n\n<div class=\"s-content_content row justify-content-center px-2 px-md-5\">\n  <div class=\"col-12\">\n\n    <div class=\"entry-content\">\n\n<h1 class=\"wp-block-heading\">H1 Nadpis textov\u00e9 str\u00e1nky m\u016f\u017ee b\u00fdt del\u0161\u00ed<\/h1>\n\n\n\n<p>P1 &#8211; ARTICLE Medium &#8211; Full Moon stage bude v leto\u0161n\u00edm roce sou\u010d\u00e1st\u00ed festivalu Colours of Ostrava ji\u017e podes\u00e1t\u00e9. Kompletn\u00ed program sc\u00e9ny kur\u00e1torovan\u00e9 t\u00fdmem magaz\u00ednu Full Moon je postaven na zaj\u00edmav\u00fdch lok\u00e1ln\u00edch jm\u00e9nech komplexn\u011b dopln\u011bn\u00fdch zahrani\u010dn\u00edmi \u00fa\u010dastn\u00edky. Snahou je osv\u011b\u017eit tradi\u010dn\u00ed dramaturgick\u00e9 struktury a pohl\u00ed\u017eet na n\u011b v jin\u00fdch kontextech, v\u00fdsledkem je cel\u00e1 \u0159ada \u010desk\u00fdch nebo festivalov\u00fdch premi\u00e9r a\u00a0hned n\u011bkolik sestav, kter\u00e9 se objev\u00ed pouze v Ostrav\u011b.<\/p>\n\n\n\n<figure class=\"wp-block-embed is-type-video is-provider-youtube wp-block-embed-youtube wp-embed-aspect-16-9 wp-has-aspect-ratio\"><div class=\"wp-block-embed__wrapper\">\n<iframe loading=\"lazy\" title=\"Music for Work \u2014 Deep Focus Mix for Programming, Coding\" width=\"500\" height=\"281\" src=\"https:\/\/www.youtube.com\/embed\/xAR6N9N8e6U?feature=oembed\" frameborder=\"0\" allow=\"accelerometer; autoplay; clipboard-write; encrypted-media; gyroscope; picture-in-picture; web-share\" referrerpolicy=\"strict-origin-when-cross-origin\" allowfullscreen><\/iframe>\n<\/div><\/figure>\n\n\n\n<p><\/p>\n\n\n\n<h2 class=\"wp-block-heading\">H2 Nadpis<\/h2>\n\n\n\n<h3 class=\"wp-block-heading\">H3 nadpis<\/h3>\n\n\n\n<p>P2 ARTICLE MEDIUM &#8211; \u017d\u00e1nrov\u011b je program sc\u00e9ny rozp\u0159a\u017een od euforick\u00e9ho popu p\u0159es psychedelii, rap, africkou elektroniku a\u017e k razantn\u00edmu postpunku. Devaten\u00e1ct jmen, devaten\u00e1ct sv\u00e9bytn\u00fdch p\u0159\u00edstup\u016f.\u00a0\u201eDramaturgii sc\u00e9ny se sna\u017e\u00edme vytv\u00e1\u0159et jako pestrou, barevnou a vyv\u00e1\u017eenou mozaiku, ka\u017ed\u00fd jej\u00ed d\u00edlek m\u00e1 ned\u00edln\u00e9 m\u00edsto. Ka\u017ed\u00fd rok se v\u00a0tomto ohledu n\u011bjak\u00fdm zp\u016fsobem posouv\u00e1me a leto\u0161n\u00ed ro\u010dn\u00edk je za m\u011b naprosto dota\u017een\u00fd a skute\u010dn\u011b exkluzivn\u00ed,\u201c\u0159\u00edk\u00e1 Michal Pa\u0159\u00edzek, \u0161\u00e9fredaktor magaz\u00ednu\u00a0<a href=\"https:\/\/www.youtube.com\/watch?v=xAR6N9N8e6U\">Full Moon<\/a>\u00a0a dod\u00e1v\u00e1:\u00a0\u201eHned p\u011bt ze zahrani\u010dn\u00edch vystupuj\u00edc\u00edch vystoup\u00ed v\u00a0\u010cesk\u00e9 republice v\u016fbec poprv\u00e9 a jedn\u00e1 se o v\u00fdjime\u010dn\u00e9, oce\u0148ovan\u00e9 soubory nebo projekty. Freejazzov\u00e9 kombo\u00a0<strong>Irreversible Entanglements<\/strong>\u00a0v\u00a0\u010dele s\u00a0um\u011blkyn\u00ed Camae Ayewa vystupuj\u00edc\u00ed jako Moor Mother je jednou za nejz\u00e1sadn\u011bj\u0161\u00edch jmen experiment\u00e1ln\u00edho jazzu, jejich posledn\u00ed album Protect Your Light vy\u0161lo dokonce na legend\u00e1rn\u00ed zna\u010dce Impulse!. Nem\u00e9n\u011b zaj\u00edmav\u00e1 budou vystoupen\u00ed kazetov\u00e9ho manipul\u00e1tora Vladimira Lenharta, kter\u00fd v\u00a0projektu\u00a0<strong>Lenhart Tapes<\/strong>\u00a0kombinuje tane\u010dn\u00ed industri\u00e1ln\u00ed produkci s\u00a0dubem a slovansk\u00fdm folkl\u00f3rem, nebo lond\u00fdnsk\u00e9 skupiny\u00a0Fat Dog. Ta pat\u0159\u00ed podobn\u011b jako kapely Black Midi nebo Black Country, New Road ke sc\u00e9n\u011b kolem klubu Windmill a je pasov\u00e1na na jeden z\u00a0nejv\u011bt\u0161\u00edch objev\u016f leto\u0161n\u00edho roku. Sv\u011b\u017e\u00ed je tak\u00e9 tane\u010dn\u00ed pop chorvatsko-slovinsk\u00e9 d\u00edv\u010d\u00ed dvojice\u00a0Freekind., kter\u00fd velmi origin\u00e1ln\u00edm zp\u016fsobem pracuje s\u00a0jazzov\u00fdmi nebo hiphopov\u00fdmi vlivy, unik\u00e1tn\u00ed podobu anatolsk\u00e9 psychedelie p\u0159iveze zase mezin\u00e1rodn\u00ed formace\u00a0<strong>Derya Yildirim &amp; Grup \u015eim\u015fek.<\/strong>\u201c<\/p>\n\n\n\n<blockquote class=\"wp-block-quote is-layout-flow wp-block-quote-is-layout-flow\">\n<p>\u201eTakto m\u016f\u017ee vypadat citace um\u00edst\u011bn\u00e1 mezi odstavci, nap\u0159. kdy\u017e pot\u0159ebuji n\u011bco opravdu zv\u00fdraznit.\u201c<\/p>\n<\/blockquote>\n\n\n\n<p><\/p>\n\n\n\n<p>V\u00a0programu Full Moon Stage se pro rok 2024 objevuj\u00ed tak\u00e9 nigerijsk\u00e1 raperka\u00a0Aunty Rayzor, jedna z\u00a0aktu\u00e1ln\u011b nejv\u011bt\u0161\u00edch senzac\u00ed st\u00e1le popul\u00e1rn\u011bj\u0161\u00ed africk\u00e9 elektronick\u00e9 sc\u00e9ny, nebo skupina\u00a0||Ala|meda||, co\u017e je de facto all stars t\u00fdm polsk\u00e9 alternativy veden\u00fd Jakubem Zio\u0142kem (skupiny Stara rzeka nebo Ed Wood a spolupracovn\u00edk jazzmana Wac\u0142ava Zimpela), hned prvn\u00ed den se p\u0159edstav\u00ed tak\u00e9 lond\u00fdnsk\u00e1 skupina\u00a0Sunbrella,veden\u00e1 Davidem \u017dbirkou.\u00a0\u201eDoporu\u010dit lze opravdu ka\u017ed\u00e9 jm\u00e9no z programu, pra\u017esk\u00e1 kapela\u00a0Madhouse Express\u00a0je v\u00a0posledn\u00edch letech ve fam\u00f3zn\u00ed form\u011b, co\u017e potvrzuje lo\u0148sk\u00e9 album Something with Space. Madhouse Express na Colours vystoup\u00ed spolu s\u00a0projektem Weird Visuals, trojic\u00ed, kter\u00e1 \u017eiv\u011b vytv\u00e1\u0159\u00ed pohybliv\u00e9 sv\u011bteln\u00e9 obrazy postaven\u00e9 na psychedelick\u00fdch Liquid Light Show zn\u00e1m\u00fdch ze 60. let. Zapomenout nem\u016f\u017eeme ani na raperku\u00a0Arletu, kter\u00e1 p\u0159edstav\u00ed tak\u00e9 speci\u00e1ln\u00ed show, nebo na kapelu\u00a0N\u011bco n\u011bco. Ti p\u0159ivezou novou desku T\u0159et\u00ed.\u201c<\/p>\n\n\n\n<blockquote class=\"wp-block-quote is-layout-flow wp-block-quote-is-layout-flow\"><\/blockquote>\n\n\n\n<figure class=\"wp-block-embed is-type-rich is-provider-spotify wp-block-embed-spotify wp-embed-aspect-21-9 wp-has-aspect-ratio\"><div class=\"wp-block-embed__wrapper\">\n<iframe title=\"Spotify Embed: David Guetta\" style=\"border-radius: 12px\" width=\"100%\" height=\"352\" frameborder=\"0\" allowfullscreen allow=\"autoplay; clipboard-write; encrypted-media; fullscreen; picture-in-picture\" loading=\"lazy\" src=\"https:\/\/open.spotify.com\/embed\/artist\/1Cs0zKBU1kc0i8ypK3B9ai?utm_source=oembed\"><\/iframe>\n<\/div><\/figure>\n\n\n\n<p>V\u00a0programu Full Moon Stage se pro rok 2024 objevuj\u00ed tak\u00e9 nigerijsk\u00e1 raperka\u00a0Aunty Rayzor, jedna z\u00a0aktu\u00e1ln\u011b nejv\u011bt\u0161\u00edch senzac\u00ed st\u00e1le popul\u00e1rn\u011bj\u0161\u00ed africk\u00e9 elektronick\u00e9 sc\u00e9ny, nebo skupina\u00a0||Ala|meda||, co\u017e je de facto all stars t\u00fdm polsk\u00e9 alternativy veden\u00fd Jakubem Zio\u0142kem (skupiny Stara rzeka nebo Ed Wood a spolupracovn\u00edk jazzmana Wac\u0142ava Zimpela), hned prvn\u00ed den se p\u0159edstav\u00ed tak\u00e9 lond\u00fdnsk\u00e1 skupina\u00a0Sunbrella,veden\u00e1 Davidem \u017dbirkou.\u00a0\u201eDoporu\u010dit lze opravdu ka\u017ed\u00e9 jm\u00e9no z programu, pra\u017esk\u00e1 kapela\u00a0Madhouse Express\u00a0je v\u00a0posledn\u00edch letech ve fam\u00f3zn\u00ed form\u011b, co\u017e potvrzuje lo\u0148sk\u00e9 album Something with Space. Madhouse Express na Colours vystoup\u00ed spolu s\u00a0projektem Weird Visuals, trojic\u00ed, kter\u00e1 \u017eiv\u011b vytv\u00e1\u0159\u00ed pohybliv\u00e9 sv\u011bteln\u00e9 obrazy postaven\u00e9 na psychedelick\u00fdch Liquid Light Show zn\u00e1m\u00fdch ze 60. let. Zapomenout nem\u016f\u017eeme ani na raperku\u00a0Arletu, kter\u00e1 p\u0159edstav\u00ed tak\u00e9 speci\u00e1ln\u00ed show, nebo na kapelu\u00a0N\u011bco n\u011bco. Ti p\u0159ivezou novou desku T\u0159et\u00ed.\u201c<\/p>\n\n\n\n<h2 class=\"wp-block-heading\">Na Full Moon stage se letos p\u0159edstav\u00ed tito \u00fa\u010dinkuj\u00edc\u00ed:<\/h2>\n\n\n\n<p><\/p>\n\n\n\n<ul class=\"wp-block-list\">\n<li>||Ala|meda|| (PL)<\/li>\n\n\n\n<li>Anna Vaverkov\u00e1<\/li>\n\n\n\n<li>Arleta, Aunty Rayzor (NG)<\/li>\n\n\n\n<li>Berlin Manson<\/li>\n\n\n\n<li>Derya Yildirim &amp; Grup \u015eim\u015fek (DE\/FR\/TU)<\/li>\n\n\n\n<li>Dr\u0165<\/li>\n\n\n\n<li>Du\u0161an Vlk<\/li>\n\n\n\n<li>Fat Dog (UK)<\/li>\n<\/ul>\n\n\n\n<p> <\/p>\n\n\n\n<ol class=\"wp-block-list\">\n<li>||Ala|meda|| (PL)<\/li>\n\n\n\n<li>Anna Vaverkov\u00e1<\/li>\n\n\n\n<li>Arleta, Aunty Rayzor (NG)<\/li>\n\n\n\n<li>Berlin Manson<\/li>\n\n\n\n<li>Derya Yildirim &amp; Grup \u015eim\u015fek (DE\/FR\/TU)<\/li>\n\n\n\n<li>Dr\u0165<\/li>\n\n\n\n<li>Du\u0161an Vlk<\/li>\n\n\n\n<li>Fat Dog (UK)<\/li>\n<\/ol>\n\n<\/div>\n\n  <\/div>\n<\/div>\n\n\n  \n      <\/div>\n<\/section>\n","protected":false},"excerpt":{"rendered":"<p>P1 &#8211; ARTICLE Medium &#8211; Full Moon stage bude v leto\u0161n\u00edm roce sou\u010d\u00e1st\u00ed festivalu Colours of Ostrava ji\u017e podes\u00e1t\u00e9. Kompletn\u00ed program sc\u00e9ny kur\u00e1torovan\u00e9 t\u00fdmem magaz\u00ednu Full Moon je postaven na zaj\u00edmav\u00fdch lok\u00e1ln\u00edch jm\u00e9nech komplexn\u011b dopln\u011bn\u00fdch zahrani\u010dn\u00edmi \u00fa\u010dastn\u00edky. Snahou je osv\u011b\u017eit tradi\u010dn\u00ed dramaturgick\u00e9 struktury a pohl\u00ed\u017eet na n\u011b v jin\u00fdch kontextech, v\u00fdsledkem je cel\u00e1 \u0159ada \u010desk\u00fdch nebo festivalov\u00fdch premi\u00e9r a\u00a0hned n\u011bkolik sestav, kter\u00e9 se objev\u00ed pouze v Ostrav\u011b.<\/p>\n","protected":false},"author":7,"featured_media":1114,"parent":0,"menu_order":0,"comment_status":"closed","ping_status":"closed","template":"","meta":{"footnotes":""},"class_list":["post-1385","page","type-page","status-publish","has-post-thumbnail","hentry"],"yoast_head":"<!-- This site is optimized with the Yoast SEO plugin v24.2 - https:\/\/yoast.com\/wordpress\/plugins\/seo\/ -->\n<title>Textov\u00e1 str\u00e1nka - Colours of Ostrava<\/title>\n<meta name=\"robots\" content=\"noindex, follow, max-snippet:-1, max-image-preview:large, max-video-preview:-1\" \/>\n<meta property=\"og:locale\" content=\"en_US\" \/>\n<meta property=\"og:type\" content=\"article\" \/>\n<meta property=\"og:title\" content=\"Textov\u00e1 str\u00e1nka - Colours of Ostrava\" \/>\n<meta property=\"og:description\" content=\"P1 - ARTICLE Medium - Full Moon stage bude v leto\u0161n\u00edm roce sou\u010d\u00e1st\u00ed festivalu Colours of Ostrava ji\u017e podes\u00e1t\u00e9. Kompletn\u00ed program sc\u00e9ny kur\u00e1torovan\u00e9 t\u00fdmem magaz\u00ednu Full Moon je postaven na zaj\u00edmav\u00fdch lok\u00e1ln\u00edch jm\u00e9nech komplexn\u011b dopln\u011bn\u00fdch zahrani\u010dn\u00edmi \u00fa\u010dastn\u00edky. Snahou je osv\u011b\u017eit tradi\u010dn\u00ed dramaturgick\u00e9 struktury a pohl\u00ed\u017eet na n\u011b v jin\u00fdch kontextech, v\u00fdsledkem je cel\u00e1 \u0159ada \u010desk\u00fdch nebo festivalov\u00fdch premi\u00e9r a\u00a0hned n\u011bkolik sestav, kter\u00e9 se objev\u00ed pouze v Ostrav\u011b.\" \/>\n<meta property=\"og:url\" content=\"https:\/\/colours.pristup.net\/en\/textova-stranka\/\" \/>\n<meta property=\"og:site_name\" content=\"Colours of Ostrava\" \/>\n<meta name=\"twitter:card\" content=\"summary_large_image\" \/>\n<meta name=\"twitter:label1\" content=\"Est. reading time\" \/>\n\t<meta name=\"twitter:data1\" content=\"4 minutes\" \/>\n<!-- \/ Yoast SEO plugin. -->","yoast_head_json":{"title":"Textov\u00e1 str\u00e1nka - Colours of Ostrava","robots":{"index":"noindex","follow":"follow","max-snippet":"max-snippet:-1","max-image-preview":"max-image-preview:large","max-video-preview":"max-video-preview:-1"},"og_locale":"en_US","og_type":"article","og_title":"Textov\u00e1 str\u00e1nka - Colours of Ostrava","og_description":"P1 - ARTICLE Medium - Full Moon stage bude v leto\u0161n\u00edm roce sou\u010d\u00e1st\u00ed festivalu Colours of Ostrava ji\u017e podes\u00e1t\u00e9. Kompletn\u00ed program sc\u00e9ny kur\u00e1torovan\u00e9 t\u00fdmem magaz\u00ednu Full Moon je postaven na zaj\u00edmav\u00fdch lok\u00e1ln\u00edch jm\u00e9nech komplexn\u011b dopln\u011bn\u00fdch zahrani\u010dn\u00edmi \u00fa\u010dastn\u00edky. Snahou je osv\u011b\u017eit tradi\u010dn\u00ed dramaturgick\u00e9 struktury a pohl\u00ed\u017eet na n\u011b v jin\u00fdch kontextech, v\u00fdsledkem je cel\u00e1 \u0159ada \u010desk\u00fdch nebo festivalov\u00fdch premi\u00e9r a\u00a0hned n\u011bkolik sestav, kter\u00e9 se objev\u00ed pouze v Ostrav\u011b.","og_url":"https:\/\/colours.pristup.net\/en\/textova-stranka\/","og_site_name":"Colours of Ostrava","twitter_card":"summary_large_image","twitter_misc":{"Est. reading time":"4 minutes"},"schema":{"@context":"https:\/\/schema.org","@graph":[{"@type":"WebPage","@id":"https:\/\/colours.pristup.net\/en\/textova-stranka\/","url":"https:\/\/colours.pristup.net\/en\/textova-stranka\/","name":"Textov\u00e1 str\u00e1nka - Colours of Ostrava","isPartOf":{"@id":"https:\/\/colours.pristup.net\/en\/#website"},"primaryImageOfPage":{"@id":"https:\/\/colours.pristup.net\/en\/textova-stranka\/#primaryimage"},"image":{"@id":"https:\/\/colours.pristup.net\/en\/textova-stranka\/#primaryimage"},"thumbnailUrl":"https:\/\/colours.pristup.net\/wp-content\/uploads\/2025\/02\/babybersek.jpg","datePublished":"2025-02-17T11:29:01+00:00","dateModified":"2025-02-17T11:29:01+00:00","breadcrumb":{"@id":"https:\/\/colours.pristup.net\/en\/textova-stranka\/#breadcrumb"},"inLanguage":"en-US","potentialAction":[{"@type":"ReadAction","target":["https:\/\/colours.pristup.net\/en\/textova-stranka\/"]}]},{"@type":"ImageObject","inLanguage":"en-US","@id":"https:\/\/colours.pristup.net\/en\/textova-stranka\/#primaryimage","url":"https:\/\/colours.pristup.net\/wp-content\/uploads\/2025\/02\/babybersek.jpg","contentUrl":"https:\/\/colours.pristup.net\/wp-content\/uploads\/2025\/02\/babybersek.jpg","width":1920,"height":1440},{"@type":"BreadcrumbList","@id":"https:\/\/colours.pristup.net\/en\/textova-stranka\/#breadcrumb","itemListElement":[{"@type":"ListItem","position":1,"name":"Dom\u016f","item":"https:\/\/colours.pristup.net\/en\/"},{"@type":"ListItem","position":2,"name":"Textov\u00e1 str\u00e1nka"}]},{"@type":"WebSite","@id":"https:\/\/colours.pristup.net\/en\/#website","url":"https:\/\/colours.pristup.net\/en\/","name":"Colours of Ostrava","description":"","potentialAction":[{"@type":"SearchAction","target":{"@type":"EntryPoint","urlTemplate":"https:\/\/colours.pristup.net\/en\/?s={search_term_string}"},"query-input":{"@type":"PropertyValueSpecification","valueRequired":true,"valueName":"search_term_string"}}],"inLanguage":"en-US"}]}},"_links":{"self":[{"href":"https:\/\/colours.pristup.net\/en\/wp-json\/wp\/v2\/pages\/1385","targetHints":{"allow":["GET"]}}],"collection":[{"href":"https:\/\/colours.pristup.net\/en\/wp-json\/wp\/v2\/pages"}],"about":[{"href":"https:\/\/colours.pristup.net\/en\/wp-json\/wp\/v2\/types\/page"}],"author":[{"embeddable":true,"href":"https:\/\/colours.pristup.net\/en\/wp-json\/wp\/v2\/users\/7"}],"replies":[{"embeddable":true,"href":"https:\/\/colours.pristup.net\/en\/wp-json\/wp\/v2\/comments?post=1385"}],"version-history":[{"count":0,"href":"https:\/\/colours.pristup.net\/en\/wp-json\/wp\/v2\/pages\/1385\/revisions"}],"wp:featuredmedia":[{"embeddable":true,"href":"https:\/\/colours.pristup.net\/en\/wp-json\/wp\/v2\/media\/1114"}],"wp:attachment":[{"href":"https:\/\/colours.pristup.net\/en\/wp-json\/wp\/v2\/media?parent=1385"}],"curies":[{"name":"wp","href":"https:\/\/api.w.org\/{rel}","templated":true}]}}