{"id":1496,"date":"2025-03-21T21:23:54","date_gmt":"2025-03-21T20:23:54","guid":{"rendered":"https:\/\/colours.pristup.net\/press\/"},"modified":"2025-03-26T15:56:08","modified_gmt":"2025-03-26T14:56:08","slug":"press","status":"publish","type":"page","link":"https:\/\/colours.pristup.net\/en\/about-festival\/general-information\/press\/","title":{"rendered":"Press"},"content":{"rendered":"<section class=\"base-section --none\">\n  <div class=\"base-section__container container-fluid\">\n        \n\n<header class=\"base-header d-flex flex-column gap-3 u-posr align-items-center justify-content-center   --color-primary\">\n\n      <div class=\"base-header__bg-img u-posa u-top-50-p u-left-50-p u-translate-middle w-100 h-100 u-z-index-negative\">\n      \n\n<div class=\"img u-posr overflow-hidden --cover    w-100\">\n  <picture>\n    \n    <img loading=\"lazy\" decoding=\"async\" src=\"\" data-src=\"https:\/\/colours.pristup.net\/wp-content\/themes\/coloursofostrava\/images\/content\/base-header\/coo_26_motiv_vycisteny_compressed_fullhd.jpg\" alt=\"Press - Colours of Ostrava\" width=\"1920\" height=\"214\" sizes=\"auto, (max-width: 480px) 480px, (max-width: 768px) 768px, (max-width: 1024px) 1024px, 1920px\" draggable=\"false\" srcset=\"\" data-srcset=\"https:\/\/colours.pristup.net\/wp-content\/themes\/coloursofostrava\/images\/content\/base-header\/coo_26_motiv_vycisteny_compressed-480.webp 480w, https:\/\/colours.pristup.net\/wp-content\/themes\/coloursofostrava\/images\/content\/base-header\/coo_26_motiv_vycisteny_compressed-960.webp 960w, https:\/\/colours.pristup.net\/wp-content\/themes\/coloursofostrava\/images\/content\/base-header\/coo_26_motiv_vycisteny_compressed-768.webp 768w, https:\/\/colours.pristup.net\/wp-content\/themes\/coloursofostrava\/images\/content\/base-header\/coo_26_motiv_vycisteny_compressed-1536.webp 1536w, https:\/\/colours.pristup.net\/wp-content\/themes\/coloursofostrava\/images\/content\/base-header\/coo_26_motiv_vycisteny_compressed-1024.webp 1024w, https:\/\/colours.pristup.net\/wp-content\/themes\/coloursofostrava\/images\/content\/base-header\/coo_26_motiv_vycisteny_compressed-2048.webp 2048w, https:\/\/colours.pristup.net\/wp-content\/themes\/coloursofostrava\/images\/content\/base-header\/coo_26_motiv_vycisteny_compressed-1920.webp 1920w, https:\/\/colours.pristup.net\/wp-content\/themes\/coloursofostrava\/images\/content\/base-header\/coo_26_motiv_vycisteny_compressed-2560.webp 2560w\">\n  <\/picture>\n<\/div>\n    <\/div>\n  \n      <h1 class=\"base-heading mb-0 text-uppercase  u-h1  --decorated\">\n            Press\n      <\/h1>\n  \n  \n  \n  \n\n<\/header>\n\n\n  \n      <\/div>\n<\/section>\n\n\n<section class=\"base-section\">\n  <div class=\"base-section__container container-fluid\">\n        \n\n<div class=\"s-content_content row justify-content-center px-2 px-md-5\">\n  <div class=\"col-12\">\n\n    <div class=\"entry-content\">\n\n<p class=\"has-medium-font-size\">Thank you for your interest in Colours of Ostrava 2025. We will be glad to answer any of your questions, send hi-res pictures, mediate interviews with bands, and welcome you at the festival.\u00a0<\/p>\n\n\n\n<p class=\"has-medium-font-size\"><strong>MEDIA ACCREDITATION REQUESTS CAN BE SUBMITTED DURING APRIL 2025.<\/strong><\/p>\n\n\n\n<p class=\"has-medium-font-size\">General Rules:<br> In general, we grant accreditation only to active media outlets that write or report about the festival. The media outlet must provide information about its reach, readership, published articles, etc. The general rule is that we grant 1 accreditation per media outlet. Accreditation is not guaranteed and is entirely at our discretion.<\/p>\n\n\n\n<p class=\"has-medium-font-size\"><strong>Contact for media, interviews, hi-res photos:<\/strong><\/p>\n\n\n\n<p class=\"has-medium-font-size\">Ond\u0159ej Bambas<br>E-mail:&nbsp;<a href=\"mailto:ondrej.bambas@colours.cz\">ondrej.bambas<\/a><a href=\"mailto:jindrich.vanek@colours.cz\">@colours.cz<\/a><br>Tel: +420 724 708 703<\/p>\n\n\n\n<p class=\"has-medium-font-size\"><strong><strong>Contact for Slovak Media:<\/strong><\/strong><\/p>\n\n\n\n<p class=\"has-medium-font-size\">Zdenko Hanout<br>Tel: &nbsp;+421 940 419 019<br>E-mail:&nbsp;<a href=\"mailto:zdenko.hanout@colours.cz\">zdenko.hanout@colours.cz<\/a><\/p>\n\n\n\n<p><strong>Contact for International Media:<\/strong><br>P\u0159emysl \u0160t\u011bp\u00e1nek<br>Tel: \u00a0+421 603 523 108<br>E-mail:\u00a0<a href=\"mailto:info@prstage.cz\">info@prstage.cz<\/a><\/p>\n\n\n\n<p class=\"has-medium-font-size\"><strong>We don\u00b4t provide accommodation to journalists. It is possible to purchase camping or any accommodation in Ostrava.<\/strong><\/p>\n\n\n\n<p class=\"has-medium-font-size\">&#8212;&#8212;&#8212;&#8212;&#8212;&#8212;&#8212;&#8212;&#8212;&#8212;&#8212;&#8212;&#8212;&#8212;&#8212;&#8212;&#8212;<\/p>\n\n\n\n<p class=\"has-medium-font-size\"><strong>2025: INFORMATION FOR APPROVED MEDIA WITH AN ACCREDITATION NUMBER:<\/strong><\/p>\n\n\n\n<p class=\"has-medium-font-size\"><strong>Accreditation also grants access to the international Meltingpot forum as part of Colours of Ostrava.<\/strong><\/p>\n\n\n\n<p>The opening hours for press accreditation in 2025 will be updated in spring 2025.<\/p>\n\n\n\n<p class=\"has-medium-font-size\">You can find the map with the designated accreditation area here:<\/p>\n\n\n\n<figure class=\"wp-block-image\"><img decoding=\"async\" src=\"https:\/\/www.colours.cz\/getattachment\/PraktickeAlias\/Press\/Mapa_press-akreditace.jpg.aspx?width=550&amp;height=299\" alt=\"\"\/><\/figure>\n\n\n\n<p class=\"has-medium-font-size\">Please only use the entrance and accreditation window outlined on the map when entering the area for the first time and collecting your identification band. If you have already collected your pass and have attached this to your wrist, you may also use the other site entrances. Please bring along some form of identification as proof that you are indeed the person who has received accreditation approval (accreditation is non-transferrable and is written in the name of the person it has been assigned to) along with a copy of this e-mail.<br><br><strong>PRESS CENTRE<\/strong><\/p>\n\n\n\n<p class=\"has-medium-font-size\">The\u00a0<strong>PRESS CENTRE<\/strong>\u00a0is situated on the DOLN\u00cd OBLAST V\u00cdTKOVICE site inside the\u00a0<strong>GONG\u00a0<\/strong>building,on the first floor\u00a0(signposted). Available: tables, chairs, 4 x PC, printer and Wi-Fi.<br><br><strong><u>PRESS CENTRE OPENING TIMES:<\/u><\/strong><\/p>\n\n\n\n<p class=\"has-medium-font-size\"><strong>WED:<\/strong> 12:00 PM &#8211; 00:30 AM<br><strong>THU:<\/strong> 11:00 AM &#8211; 00:30 AM<br><strong>FRI:<\/strong> 11:00 AM &#8211; 00:30 AM<br><strong>SAT:<\/strong> 11:00 AM &#8211; 11:00 PM<br><br><strong><strong>If you are interested in conducting interviews with any of the bands performing at the festival, please, get in touch with us no later than 17 June, 2025 on the contact details listed above.<\/strong><\/strong><\/p>\n\n<\/div>\n\n  <\/div>\n<\/div>\n\n\n  \n      <\/div>\n<\/section>\n","protected":false},"excerpt":{"rendered":"","protected":false},"author":5,"featured_media":0,"parent":1364,"menu_order":0,"comment_status":"closed","ping_status":"closed","template":"","meta":{"footnotes":""},"class_list":["post-1496","page","type-page","status-publish","hentry"],"yoast_head":"<!-- This site is optimized with the Yoast SEO plugin v24.2 - https:\/\/yoast.com\/wordpress\/plugins\/seo\/ -->\n<title>Press - Colours of Ostrava<\/title>\n<meta name=\"robots\" content=\"noindex, follow, max-snippet:-1, max-image-preview:large, max-video-preview:-1\" \/>\n<meta property=\"og:locale\" content=\"en_US\" \/>\n<meta property=\"og:type\" content=\"article\" \/>\n<meta property=\"og:title\" content=\"Press - Colours of Ostrava\" \/>\n<meta property=\"og:url\" content=\"https:\/\/colours.pristup.net\/en\/about-festival\/general-information\/press\/\" \/>\n<meta property=\"og:site_name\" content=\"Colours of Ostrava\" \/>\n<meta property=\"article:modified_time\" content=\"2025-03-26T14:56:08+00:00\" \/>\n<meta property=\"og:image\" content=\"https:\/\/www.colours.cz\/getattachment\/PraktickeAlias\/Press\/Mapa_press-akreditace.jpg.aspx?width=550&amp;height=299\" \/>\n<meta name=\"twitter:card\" content=\"summary_large_image\" \/>\n<meta name=\"twitter:label1\" content=\"Est. reading time\" \/>\n\t<meta name=\"twitter:data1\" content=\"3 minutes\" \/>\n<!-- \/ Yoast SEO plugin. -->","yoast_head_json":{"title":"Press - Colours of Ostrava","robots":{"index":"noindex","follow":"follow","max-snippet":"max-snippet:-1","max-image-preview":"max-image-preview:large","max-video-preview":"max-video-preview:-1"},"og_locale":"en_US","og_type":"article","og_title":"Press - Colours of Ostrava","og_url":"https:\/\/colours.pristup.net\/en\/about-festival\/general-information\/press\/","og_site_name":"Colours of Ostrava","article_modified_time":"2025-03-26T14:56:08+00:00","og_image":[{"url":"https:\/\/www.colours.cz\/getattachment\/PraktickeAlias\/Press\/Mapa_press-akreditace.jpg.aspx?width=550&amp;height=299","type":"","width":"","height":""}],"twitter_card":"summary_large_image","twitter_misc":{"Est. reading time":"3 minutes"},"schema":{"@context":"https:\/\/schema.org","@graph":[{"@type":"WebPage","@id":"https:\/\/colours.pristup.net\/en\/about-festival\/general-information\/press\/","url":"https:\/\/colours.pristup.net\/en\/about-festival\/general-information\/press\/","name":"Press - Colours of Ostrava","isPartOf":{"@id":"https:\/\/colours.pristup.net\/en\/#website"},"primaryImageOfPage":{"@id":"https:\/\/colours.pristup.net\/en\/about-festival\/general-information\/press\/#primaryimage"},"image":{"@id":"https:\/\/colours.pristup.net\/en\/about-festival\/general-information\/press\/#primaryimage"},"thumbnailUrl":"https:\/\/www.colours.cz\/getattachment\/PraktickeAlias\/Press\/Mapa_press-akreditace.jpg.aspx?width=550&amp;height=299","datePublished":"2025-03-21T20:23:54+00:00","dateModified":"2025-03-26T14:56:08+00:00","breadcrumb":{"@id":"https:\/\/colours.pristup.net\/en\/about-festival\/general-information\/press\/#breadcrumb"},"inLanguage":"en-US","potentialAction":[{"@type":"ReadAction","target":["https:\/\/colours.pristup.net\/en\/about-festival\/general-information\/press\/"]}]},{"@type":"ImageObject","inLanguage":"en-US","@id":"https:\/\/colours.pristup.net\/en\/about-festival\/general-information\/press\/#primaryimage","url":"https:\/\/www.colours.cz\/getattachment\/PraktickeAlias\/Press\/Mapa_press-akreditace.jpg.aspx?width=550&amp;height=299","contentUrl":"https:\/\/www.colours.cz\/getattachment\/PraktickeAlias\/Press\/Mapa_press-akreditace.jpg.aspx?width=550&amp;height=299"},{"@type":"BreadcrumbList","@id":"https:\/\/colours.pristup.net\/en\/about-festival\/general-information\/press\/#breadcrumb","itemListElement":[{"@type":"ListItem","position":1,"name":"Dom\u016f","item":"https:\/\/colours.pristup.net\/en\/"},{"@type":"ListItem","position":2,"name":"Press"}]},{"@type":"WebSite","@id":"https:\/\/colours.pristup.net\/en\/#website","url":"https:\/\/colours.pristup.net\/en\/","name":"Colours of Ostrava","description":"","potentialAction":[{"@type":"SearchAction","target":{"@type":"EntryPoint","urlTemplate":"https:\/\/colours.pristup.net\/en\/?s={search_term_string}"},"query-input":{"@type":"PropertyValueSpecification","valueRequired":true,"valueName":"search_term_string"}}],"inLanguage":"en-US"}]}},"_links":{"self":[{"href":"https:\/\/colours.pristup.net\/en\/wp-json\/wp\/v2\/pages\/1496","targetHints":{"allow":["GET"]}}],"collection":[{"href":"https:\/\/colours.pristup.net\/en\/wp-json\/wp\/v2\/pages"}],"about":[{"href":"https:\/\/colours.pristup.net\/en\/wp-json\/wp\/v2\/types\/page"}],"author":[{"embeddable":true,"href":"https:\/\/colours.pristup.net\/en\/wp-json\/wp\/v2\/users\/5"}],"replies":[{"embeddable":true,"href":"https:\/\/colours.pristup.net\/en\/wp-json\/wp\/v2\/comments?post=1496"}],"version-history":[{"count":2,"href":"https:\/\/colours.pristup.net\/en\/wp-json\/wp\/v2\/pages\/1496\/revisions"}],"predecessor-version":[{"id":2079,"href":"https:\/\/colours.pristup.net\/en\/wp-json\/wp\/v2\/pages\/1496\/revisions\/2079"}],"up":[{"embeddable":true,"href":"https:\/\/colours.pristup.net\/en\/wp-json\/wp\/v2\/pages\/1364"}],"wp:attachment":[{"href":"https:\/\/colours.pristup.net\/en\/wp-json\/wp\/v2\/media?parent=1496"}],"curies":[{"name":"wp","href":"https:\/\/api.w.org\/{rel}","templated":true}]}}