{"id":1507,"date":"2025-03-21T21:31:30","date_gmt":"2025-03-21T20:31:30","guid":{"rendered":"https:\/\/colours.pristup.net\/kontakty\/"},"modified":"2025-03-26T15:30:20","modified_gmt":"2025-03-26T14:30:20","slug":"contacts","status":"publish","type":"page","link":"https:\/\/colours.pristup.net\/en\/about-festival\/contacts\/","title":{"rendered":"Contacts"},"content":{"rendered":"<section class=\"base-section\">\n  <div class=\"base-section__container container-fluid\">\n        \n\n<header class=\"base-header d-flex flex-column gap-3 u-posr align-items-center justify-content-center   --color-primary\">\n\n      <div class=\"base-header__bg-img u-posa u-top-50-p u-left-50-p u-translate-middle w-100 h-100 u-z-index-negative\">\n      \n\n<div class=\"img u-posr overflow-hidden --cover    w-100\">\n  <picture>\n    \n    <img loading=\"lazy\" decoding=\"async\" src=\"\" data-src=\"https:\/\/colours.pristup.net\/wp-content\/themes\/coloursofostrava\/images\/content\/base-header\/coo_26_motiv_vycisteny_compressed_fullhd.jpg\" alt=\"Contacts - Colours of Ostrava\" width=\"1920\" height=\"214\" sizes=\"auto, (max-width: 480px) 480px, (max-width: 768px) 768px, (max-width: 1024px) 1024px, 1920px\" draggable=\"false\" srcset=\"\" data-srcset=\"https:\/\/colours.pristup.net\/wp-content\/themes\/coloursofostrava\/images\/content\/base-header\/coo_26_motiv_vycisteny_compressed-480.webp 480w, https:\/\/colours.pristup.net\/wp-content\/themes\/coloursofostrava\/images\/content\/base-header\/coo_26_motiv_vycisteny_compressed-960.webp 960w, https:\/\/colours.pristup.net\/wp-content\/themes\/coloursofostrava\/images\/content\/base-header\/coo_26_motiv_vycisteny_compressed-768.webp 768w, https:\/\/colours.pristup.net\/wp-content\/themes\/coloursofostrava\/images\/content\/base-header\/coo_26_motiv_vycisteny_compressed-1536.webp 1536w, https:\/\/colours.pristup.net\/wp-content\/themes\/coloursofostrava\/images\/content\/base-header\/coo_26_motiv_vycisteny_compressed-1024.webp 1024w, https:\/\/colours.pristup.net\/wp-content\/themes\/coloursofostrava\/images\/content\/base-header\/coo_26_motiv_vycisteny_compressed-2048.webp 2048w, https:\/\/colours.pristup.net\/wp-content\/themes\/coloursofostrava\/images\/content\/base-header\/coo_26_motiv_vycisteny_compressed-1920.webp 1920w, https:\/\/colours.pristup.net\/wp-content\/themes\/coloursofostrava\/images\/content\/base-header\/coo_26_motiv_vycisteny_compressed-2560.webp 2560w\">\n  <\/picture>\n<\/div>\n    <\/div>\n  \n      <h1 class=\"base-heading mb-0 text-uppercase  u-h1  --decorated\">\n            Contacts\n      <\/h1>\n  \n  \n  \n  \n\n<\/header>\n\n\n  \n      <\/div>\n<\/section>\n\n\n<section class=\"base-section\">\n  <div class=\"base-section__container container-fluid\">\n        \n\n<div class=\"s-content_content row justify-content-center px-2 px-md-5\">\n  <div class=\"col-12\">\n\n    <div class=\"entry-content\">\n\n<p class=\"has-medium-font-size\">We are open to any suggestions, new ideas, and questions. Do not hesitate to contact us!<\/p>\n\n\n\n<p class=\"has-medium-font-size\"><\/p>\n\n\n\n<ul class=\"wp-block-list\">\n<li><strong>General enquire<br><\/strong>E-mail:\u00a0<a href=\"mailto:informace@colours.cz\">informace@colours.cz<\/a>\u00a0<br><\/li>\n\n\n\n<li><strong>E-shop<\/strong><br>E-mail:&nbsp;<a href=\"mailto:informace@colours.cz\">informace@colours.cz<\/a>&nbsp;<br><\/li>\n\n\n\n<li><strong>Offers of company partnerships, sponsorships, etc.<\/strong>                                                                                             E-mail:\u00a0<a href=\"mailto:partner@colours.cz\">partner@colours.cz<\/a><br><\/li>\n\n\n\n<li><strong>Stalls \/ stands<\/strong>                                                                                                                                                       Places for stalls are sold through ORIENTAL.cz s.r.o.                                                                                         More info here:\u00a0<a href=\"http:\/\/www.orientalcz.cz\/\" target=\"_blank\" rel=\"noreferrer noopener\">www.orientalcz.cz<\/a>\u00a0 \u00a0 \u00a0 \u00a0 \u00a0 \u00a0 \u00a0<br>E-mail:\u00a0<a href=\"mailto:stanky@colours.cz\">stanky@colours.cz<\/a><br><\/li>\n\n\n\n<li><strong>Contact for Slovakian media and photographers<\/strong><br>Zdenko Hanout<br>E-mail:\u00a0<a href=\"mailto:zdenko.hanout@colours.cz\">zdenko.hanout@colours.cz<\/a>\u00a0 \u00a0 <br>Tel:\u00a0+421 940 419 019<br><\/li>\n\n\n\n<li><strong>Camps, caravans, parking<\/strong><br><a href=\"https:\/\/www.colours.cz\/practical\/camping\" target=\"_blank\" rel=\"noreferrer noopener\">More information\u00a0<a href=\"https:\/\/www.colours.cz\/practical\/parking-and-camping.aspx\" target=\"_blank\" rel=\"noreferrer noopener\">here<\/a><\/a><br><\/li>\n\n\n\n<li><strong>Contact for media and journalists, offers of media partnerships, etc.<\/strong><br>P\u0159emysl \u0160t\u011bp\u00e1nek<br>E-mail:\u00a0<a href=\"mailto:info@prstage.cz\">info@prstage.cz<\/a><br>Tel:\u00a0+420 603 523 108<br><\/li>\n\n\n\n<li><strong>For artists and bands:<\/strong><br>Thank you for your interest in performing at our festival. We apologize, but we do not select bands for the program based on emails, CDs, or materials sent. We need to see the bands perform live. Therefore, please do not send emails or CDs. If you do, we reserve the right not to respond, as we receive many offers. Thank you for your understanding.<br><\/li>\n<\/ul>\n\n<\/div>\n\n  <\/div>\n<\/div>\n\n\n  \n      <\/div>\n<\/section>\n","protected":false},"excerpt":{"rendered":"","protected":false},"author":5,"featured_media":0,"parent":1368,"menu_order":0,"comment_status":"closed","ping_status":"closed","template":"","meta":{"footnotes":""},"class_list":["post-1507","page","type-page","status-publish","hentry"],"yoast_head":"<!-- This site is optimized with the Yoast SEO plugin v24.2 - https:\/\/yoast.com\/wordpress\/plugins\/seo\/ -->\n<title>Contacts - Colours of Ostrava<\/title>\n<meta name=\"robots\" content=\"noindex, follow, max-snippet:-1, max-image-preview:large, max-video-preview:-1\" \/>\n<meta property=\"og:locale\" content=\"en_US\" \/>\n<meta property=\"og:type\" content=\"article\" \/>\n<meta property=\"og:title\" content=\"Contacts - Colours of Ostrava\" \/>\n<meta property=\"og:url\" content=\"https:\/\/colours.pristup.net\/en\/about-festival\/contacts\/\" \/>\n<meta property=\"og:site_name\" content=\"Colours of Ostrava\" \/>\n<meta property=\"article:modified_time\" content=\"2025-03-26T14:30:20+00:00\" \/>\n<meta name=\"twitter:card\" content=\"summary_large_image\" \/>\n<meta name=\"twitter:label1\" content=\"Est. reading time\" \/>\n\t<meta name=\"twitter:data1\" content=\"1 minute\" \/>\n<!-- \/ Yoast SEO plugin. -->","yoast_head_json":{"title":"Contacts - Colours of Ostrava","robots":{"index":"noindex","follow":"follow","max-snippet":"max-snippet:-1","max-image-preview":"max-image-preview:large","max-video-preview":"max-video-preview:-1"},"og_locale":"en_US","og_type":"article","og_title":"Contacts - Colours of Ostrava","og_url":"https:\/\/colours.pristup.net\/en\/about-festival\/contacts\/","og_site_name":"Colours of Ostrava","article_modified_time":"2025-03-26T14:30:20+00:00","twitter_card":"summary_large_image","twitter_misc":{"Est. reading time":"1 minute"},"schema":{"@context":"https:\/\/schema.org","@graph":[{"@type":"WebPage","@id":"https:\/\/colours.pristup.net\/en\/about-festival\/contacts\/","url":"https:\/\/colours.pristup.net\/en\/about-festival\/contacts\/","name":"Contacts - Colours of Ostrava","isPartOf":{"@id":"https:\/\/colours.pristup.net\/en\/#website"},"datePublished":"2025-03-21T20:31:30+00:00","dateModified":"2025-03-26T14:30:20+00:00","breadcrumb":{"@id":"https:\/\/colours.pristup.net\/en\/about-festival\/contacts\/#breadcrumb"},"inLanguage":"en-US","potentialAction":[{"@type":"ReadAction","target":["https:\/\/colours.pristup.net\/en\/about-festival\/contacts\/"]}]},{"@type":"BreadcrumbList","@id":"https:\/\/colours.pristup.net\/en\/about-festival\/contacts\/#breadcrumb","itemListElement":[{"@type":"ListItem","position":1,"name":"Dom\u016f","item":"https:\/\/colours.pristup.net\/en\/"},{"@type":"ListItem","position":2,"name":"Contacts"}]},{"@type":"WebSite","@id":"https:\/\/colours.pristup.net\/en\/#website","url":"https:\/\/colours.pristup.net\/en\/","name":"Colours of Ostrava","description":"","potentialAction":[{"@type":"SearchAction","target":{"@type":"EntryPoint","urlTemplate":"https:\/\/colours.pristup.net\/en\/?s={search_term_string}"},"query-input":{"@type":"PropertyValueSpecification","valueRequired":true,"valueName":"search_term_string"}}],"inLanguage":"en-US"}]}},"_links":{"self":[{"href":"https:\/\/colours.pristup.net\/en\/wp-json\/wp\/v2\/pages\/1507","targetHints":{"allow":["GET"]}}],"collection":[{"href":"https:\/\/colours.pristup.net\/en\/wp-json\/wp\/v2\/pages"}],"about":[{"href":"https:\/\/colours.pristup.net\/en\/wp-json\/wp\/v2\/types\/page"}],"author":[{"embeddable":true,"href":"https:\/\/colours.pristup.net\/en\/wp-json\/wp\/v2\/users\/5"}],"replies":[{"embeddable":true,"href":"https:\/\/colours.pristup.net\/en\/wp-json\/wp\/v2\/comments?post=1507"}],"version-history":[{"count":3,"href":"https:\/\/colours.pristup.net\/en\/wp-json\/wp\/v2\/pages\/1507\/revisions"}],"predecessor-version":[{"id":2072,"href":"https:\/\/colours.pristup.net\/en\/wp-json\/wp\/v2\/pages\/1507\/revisions\/2072"}],"up":[{"embeddable":true,"href":"https:\/\/colours.pristup.net\/en\/wp-json\/wp\/v2\/pages\/1368"}],"wp:attachment":[{"href":"https:\/\/colours.pristup.net\/en\/wp-json\/wp\/v2\/media?parent=1507"}],"curies":[{"name":"wp","href":"https:\/\/api.w.org\/{rel}","templated":true}]}}