{"id":1631,"date":"2025-03-22T20:13:16","date_gmt":"2025-03-22T19:13:16","guid":{"rendered":"https:\/\/colours.pristup.net\/design-zona\/"},"modified":"2025-03-27T09:47:04","modified_gmt":"2025-03-27T08:47:04","slug":"design-zone","status":"publish","type":"page","link":"https:\/\/colours.pristup.net\/en\/about-festival\/general-information\/design-zone\/","title":{"rendered":"Design Zone"},"content":{"rendered":"<section class=\"base-section --none\">\n  <div class=\"base-section__container container-fluid\">\n        \n\n<header class=\"base-header d-flex flex-column gap-3 u-posr align-items-center justify-content-center   --color-primary\">\n\n      <div class=\"base-header__bg-img u-posa u-top-50-p u-left-50-p u-translate-middle w-100 h-100 u-z-index-negative\">\n      \n\n<div class=\"img u-posr overflow-hidden --cover    w-100\">\n  <picture>\n    \n    <img loading=\"lazy\" decoding=\"async\" src=\"\" data-src=\"https:\/\/colours.pristup.net\/wp-content\/themes\/coloursofostrava\/images\/content\/base-header\/coo_26_motiv_vycisteny_compressed_fullhd.jpg\" alt=\"Design Zone - Colours of Ostrava\" width=\"1920\" height=\"214\" sizes=\"auto, (max-width: 480px) 480px, (max-width: 768px) 768px, (max-width: 1024px) 1024px, 1920px\" draggable=\"false\" srcset=\"\" data-srcset=\"https:\/\/colours.pristup.net\/wp-content\/themes\/coloursofostrava\/images\/content\/base-header\/coo_26_motiv_vycisteny_compressed-480.webp 480w, https:\/\/colours.pristup.net\/wp-content\/themes\/coloursofostrava\/images\/content\/base-header\/coo_26_motiv_vycisteny_compressed-960.webp 960w, https:\/\/colours.pristup.net\/wp-content\/themes\/coloursofostrava\/images\/content\/base-header\/coo_26_motiv_vycisteny_compressed-768.webp 768w, https:\/\/colours.pristup.net\/wp-content\/themes\/coloursofostrava\/images\/content\/base-header\/coo_26_motiv_vycisteny_compressed-1536.webp 1536w, https:\/\/colours.pristup.net\/wp-content\/themes\/coloursofostrava\/images\/content\/base-header\/coo_26_motiv_vycisteny_compressed-1024.webp 1024w, https:\/\/colours.pristup.net\/wp-content\/themes\/coloursofostrava\/images\/content\/base-header\/coo_26_motiv_vycisteny_compressed-2048.webp 2048w, https:\/\/colours.pristup.net\/wp-content\/themes\/coloursofostrava\/images\/content\/base-header\/coo_26_motiv_vycisteny_compressed-1920.webp 1920w, https:\/\/colours.pristup.net\/wp-content\/themes\/coloursofostrava\/images\/content\/base-header\/coo_26_motiv_vycisteny_compressed-2560.webp 2560w\">\n  <\/picture>\n<\/div>\n    <\/div>\n  \n      <h1 class=\"base-heading mb-0 text-uppercase  u-h1  --decorated\">\n            Design Zone\n      <\/h1>\n  \n  \n  \n  \n\n<\/header>\n\n\n  \n      <\/div>\n<\/section>\n\n\n<section class=\"base-section\">\n  <div class=\"base-section__container container-fluid\">\n        \n\n<div class=\"s-content_content row justify-content-center px-2 px-md-5\">\n  <div class=\"col-12\">\n\n    <div class=\"entry-content\">\n\n<p><strong>Tip&nbsp;<\/strong><br>&nbsp;<br>Information on the Design Zone will be updated in spring 2025.<\/p>\n\n\n\n<p>Every year we are looking for new talents to join our&nbsp;<strong>Design zone&nbsp;<\/strong>to present and sell their work in fashion, accessories, cosmetics, literature, applied and visual arts, design and related fields.&nbsp;<\/p>\n\n\n\n<p>And what brands will you find in our Design zone this year?<\/p>\n\n\n\n<p><strong><a href=\"http:\/\/www.muxu.cz\/\">MUXU<\/a><\/strong><\/p>\n\n\n\n<p><strong><a href=\"http:\/\/www.klukustroje.cz\/\">KUS. &#8211; KLUK U STROJE<\/a><\/strong><\/p>\n\n\n\n<p><strong><a href=\"http:\/\/www.an-ywhere.cz\/\">An.ywhere<\/a><\/strong><\/p>\n\n\n\n<p><strong><a href=\"https:\/\/s1moonka.etsy.com\/\">S1MoonKa<\/a><\/strong><\/p>\n\n\n\n<p><strong><a href=\"https:\/\/www.hanajanaswimwear.com\/cs\">HANAJANA<\/a><\/strong><\/p>\n\n\n\n<p><strong><a href=\"https:\/\/www.moyoshop.cz\/\">Moyo &#8211; \u0159ekni to n\u00e1ramkem<\/a><\/strong><\/p>\n\n\n\n<p><strong><a href=\"http:\/\/www.instagram.com\/ester.etcetera\">ester.etcetera (Ester T. Ilustrace)<\/a><\/strong><\/p>\n\n\n\n<p><strong><a href=\"http:\/\/www.entl.cz\/\">ENTL<\/a><\/strong><\/p>\n\n\n\n<p><strong>If\u00e9 hand made<\/strong><\/p>\n\n\n\n<p><strong><a href=\"http:\/\/www.vespreji.cz\/\">Sprcha ve spreji<\/a><\/strong><\/p>\n\n\n\n<p><strong><a href=\"http:\/\/www.acid-designs.com\/\">Acid-designs<\/a><\/strong><\/p>\n\n\n\n<p><strong><a href=\"http:\/\/www.kaftanlicious.com\/\">Kaftanlicious<\/a><\/strong><\/p>\n\n\n\n<p><strong><a href=\"https:\/\/www.marvadeluxe.com\/\">MarVa de Luxe, s.r.o.<\/a><\/strong><\/p>\n\n\n\n<p><strong><a href=\"http:\/\/www.kyskylisky.cz\/\">Ky\u0161ky Li\u0161ky<\/a><\/strong><\/p>\n\n\n\n<p><strong><a href=\"https:\/\/doktorvinyl.sk\/sk\/\">DOKTOR VINYL<\/a><\/strong><\/p>\n\n\n\n<p><strong><a href=\"https:\/\/www.sisikosmetika.cz\/\">SISI kosmetika<\/a><\/strong><\/p>\n\n\n\n<p><strong><a href=\"https:\/\/www.instagram.com\/tilis.atelier\">TA<\/a><\/strong><\/p>\n\n\n\n<p><strong><a href=\"http:\/\/bezvajglu.cz\/\">Bezvajglu.cz<\/a><\/strong><\/p>\n\n\n\n<p><strong>TvaLaska<\/strong><\/p>\n\n\n\n<p><strong><a href=\"http:\/\/www.mystory.cz\/\">MyStory<\/a><\/strong><\/p>\n\n\n\n<p><strong><a href=\"https:\/\/shop.lovemusic.cz\/\">Lovemusic<\/a><\/strong><\/p>\n\n\n\n<p><strong><a href=\"http:\/\/www.bewooden.cz\/\">BeWooden Company<\/a><\/strong><\/p>\n\n\n\n<p><strong><a href=\"https:\/\/www.lisarna.cz\/\">Li\u0161\u00e1rna<\/a><\/strong><\/p>\n\n\n\n<p><strong><a href=\"https:\/\/shop.jsem.studio\/\">jsem.studio<\/a><\/strong><\/p>\n\n\n\n<p><strong><a href=\"http:\/\/www.nikaty.cz\/\">NiKaty<\/a><\/strong><\/p>\n\n\n\n<p><strong><a href=\"https:\/\/intimatestories.sk\/\">Intimate Stories<\/a><\/strong><\/p>\n\n\n\n<p><strong><a href=\"https:\/\/www.utopy.cz\/\">UTOPY wear<\/a><\/strong><\/p>\n\n\n\n<p><strong><a href=\"https:\/\/www.lull.cz\/\">Lull Loungewear<\/a><\/strong><\/p>\n\n\n\n<p><strong><a href=\"http:\/\/www.kouzelnahajovna.cz\/\">M\u00fddl\u00e1rna Kouzeln\u00e1 h\u00e1jovna pod Lysou horou<\/a><\/strong><\/p>\n\n\n\n<p><strong><a href=\"https:\/\/www.bagswithlegs.at\/\">Bags With Legs<\/a><\/strong><\/p>\n\n\n\n<p><strong><a href=\"https:\/\/www.fler.cz\/shop\/jako-zjara\">Jako Zjara<\/a><\/strong><\/p>\n\n\n\n<p><strong><a href=\"http:\/\/miestni.sk\/\">miestni<\/a><\/strong><\/p>\n\n\n\n<p><strong><a href=\"http:\/\/www.sheio.cz\/\">Sheio lingerie, s.r.o.<\/a><\/strong><\/p>\n\n\n\n<p><strong><a href=\"http:\/\/www.dilnamatilda.cz\/\">MATILDA &amp; Krej\u010dovsk\u00e1<\/a><\/strong><\/p>\n\n\n\n<p><strong><a href=\"http:\/\/belucky.cz\/\">Be Lucky<\/a><\/strong><\/p>\n\n\n\n<p><strong><a href=\"http:\/\/www.siltovky.com\/\">\u010capica<\/a><\/strong><\/p>\n\n\n\n<p><strong><a href=\"http:\/\/www.darkstore.cz\/\">DARK \/ Concept store<\/a><\/strong><\/p>\n\n\n\n<p><strong><a href=\"https:\/\/www.keramikakrak.cz\/\">K\u0159ak<\/a><\/strong><\/p>\n\n\n\n<p><strong><a href=\"https:\/\/www.muru.cz\/\">MURU<\/a><\/strong><\/p>\n\n\n\n<p><strong><a href=\"http:\/\/www.flagranti.cz\/\">FLAGRANTI<\/a><\/strong><\/p>\n\n\n\n<p><strong><a href=\"https:\/\/tintabags.com\/\">TINTA<\/a>,&nbsp;<a href=\"https:\/\/stamppjewelry.com\/\">STAMPP<\/a><\/strong><\/p>\n\n\n\n<p><strong><a href=\"https:\/\/www.poppyhead.cz\/\">Poppyhead<\/a><\/strong><\/p>\n\n\n\n<p><strong><a href=\"https:\/\/www.instagram.com\/revive_upcycled_clothes_\/\">Revive<\/a><\/strong><\/p>\n\n\n\n<p><strong><a href=\"http:\/\/www.mumray.cz\/\">Mumray<\/a><\/strong><\/p>\n\n\n\n<p><strong><a href=\"http:\/\/www.concretne.cz\/\">Concretne<\/a><\/strong><\/p>\n\n\n\n<p><strong><a href=\"http:\/\/www.odmarty.cz\/\">ODMARTY originals<\/a><\/strong><\/p>\n\n\n\n<p><strong><a href=\"http:\/\/www.zrzaky.sk\/\">Zrz\u00e1ky &amp; Chlap\u00e1ky<\/a><\/strong><\/p>\n\n\n\n<p><strong><a href=\"https:\/\/www.fler.cz\/allon\">ALLON<\/a><\/strong><\/p>\n\n\n\n<p><strong><a href=\"http:\/\/www.yakoking.cz\/\">Yako King<\/a><\/strong><\/p>\n\n\n\n<p><strong><a href=\"https:\/\/www.sperkyodlisky.cz\/\">\u0160perky od li\u0161ky<\/a><\/strong><\/p>\n\n\n\n<p><strong><a href=\"https:\/\/www.ondruskovic.com\/\">Ondru\u0161kovic<\/a><\/strong><\/p>\n\n<\/div>\n\n  <\/div>\n<\/div>\n\n\n  \n      <\/div>\n<\/section>\n","protected":false},"excerpt":{"rendered":"","protected":false},"author":5,"featured_media":0,"parent":1364,"menu_order":0,"comment_status":"closed","ping_status":"closed","template":"","meta":{"footnotes":""},"class_list":["post-1631","page","type-page","status-publish","hentry"],"yoast_head":"<!-- This site is optimized with the Yoast SEO plugin v24.2 - https:\/\/yoast.com\/wordpress\/plugins\/seo\/ -->\n<title>Design Zone - Colours of Ostrava<\/title>\n<meta name=\"robots\" content=\"noindex, follow, max-snippet:-1, max-image-preview:large, max-video-preview:-1\" \/>\n<meta property=\"og:locale\" content=\"en_US\" \/>\n<meta property=\"og:type\" content=\"article\" \/>\n<meta property=\"og:title\" content=\"Design Zone - Colours of Ostrava\" \/>\n<meta property=\"og:url\" content=\"https:\/\/colours.pristup.net\/en\/about-festival\/general-information\/design-zone\/\" \/>\n<meta property=\"og:site_name\" content=\"Colours of Ostrava\" \/>\n<meta property=\"article:modified_time\" content=\"2025-03-27T08:47:04+00:00\" \/>\n<meta name=\"twitter:card\" content=\"summary_large_image\" \/>\n<meta name=\"twitter:label1\" content=\"Est. reading time\" \/>\n\t<meta name=\"twitter:data1\" content=\"1 minute\" \/>\n<!-- \/ Yoast SEO plugin. -->","yoast_head_json":{"title":"Design Zone - Colours of Ostrava","robots":{"index":"noindex","follow":"follow","max-snippet":"max-snippet:-1","max-image-preview":"max-image-preview:large","max-video-preview":"max-video-preview:-1"},"og_locale":"en_US","og_type":"article","og_title":"Design Zone - Colours of Ostrava","og_url":"https:\/\/colours.pristup.net\/en\/about-festival\/general-information\/design-zone\/","og_site_name":"Colours of Ostrava","article_modified_time":"2025-03-27T08:47:04+00:00","twitter_card":"summary_large_image","twitter_misc":{"Est. reading time":"1 minute"},"schema":{"@context":"https:\/\/schema.org","@graph":[{"@type":"WebPage","@id":"https:\/\/colours.pristup.net\/en\/about-festival\/general-information\/design-zone\/","url":"https:\/\/colours.pristup.net\/en\/about-festival\/general-information\/design-zone\/","name":"Design Zone - Colours of Ostrava","isPartOf":{"@id":"https:\/\/colours.pristup.net\/en\/#website"},"datePublished":"2025-03-22T19:13:16+00:00","dateModified":"2025-03-27T08:47:04+00:00","breadcrumb":{"@id":"https:\/\/colours.pristup.net\/en\/about-festival\/general-information\/design-zone\/#breadcrumb"},"inLanguage":"en-US","potentialAction":[{"@type":"ReadAction","target":["https:\/\/colours.pristup.net\/en\/about-festival\/general-information\/design-zone\/"]}]},{"@type":"BreadcrumbList","@id":"https:\/\/colours.pristup.net\/en\/about-festival\/general-information\/design-zone\/#breadcrumb","itemListElement":[{"@type":"ListItem","position":1,"name":"Dom\u016f","item":"https:\/\/colours.pristup.net\/en\/"},{"@type":"ListItem","position":2,"name":"Design Zone"}]},{"@type":"WebSite","@id":"https:\/\/colours.pristup.net\/en\/#website","url":"https:\/\/colours.pristup.net\/en\/","name":"Colours of Ostrava","description":"","potentialAction":[{"@type":"SearchAction","target":{"@type":"EntryPoint","urlTemplate":"https:\/\/colours.pristup.net\/en\/?s={search_term_string}"},"query-input":{"@type":"PropertyValueSpecification","valueRequired":true,"valueName":"search_term_string"}}],"inLanguage":"en-US"}]}},"_links":{"self":[{"href":"https:\/\/colours.pristup.net\/en\/wp-json\/wp\/v2\/pages\/1631","targetHints":{"allow":["GET"]}}],"collection":[{"href":"https:\/\/colours.pristup.net\/en\/wp-json\/wp\/v2\/pages"}],"about":[{"href":"https:\/\/colours.pristup.net\/en\/wp-json\/wp\/v2\/types\/page"}],"author":[{"embeddable":true,"href":"https:\/\/colours.pristup.net\/en\/wp-json\/wp\/v2\/users\/5"}],"replies":[{"embeddable":true,"href":"https:\/\/colours.pristup.net\/en\/wp-json\/wp\/v2\/comments?post=1631"}],"version-history":[{"count":2,"href":"https:\/\/colours.pristup.net\/en\/wp-json\/wp\/v2\/pages\/1631\/revisions"}],"predecessor-version":[{"id":2414,"href":"https:\/\/colours.pristup.net\/en\/wp-json\/wp\/v2\/pages\/1631\/revisions\/2414"}],"up":[{"embeddable":true,"href":"https:\/\/colours.pristup.net\/en\/wp-json\/wp\/v2\/pages\/1364"}],"wp:attachment":[{"href":"https:\/\/colours.pristup.net\/en\/wp-json\/wp\/v2\/media?parent=1631"}],"curies":[{"name":"wp","href":"https:\/\/api.w.org\/{rel}","templated":true}]}}